{"id":1180,"date":"2025-10-30T10:23:13","date_gmt":"2025-10-30T10:23:13","guid":{"rendered":"https:\/\/hasfood.com\/?post_type=product&#038;p=1180"},"modified":"2025-11-07T13:53:05","modified_gmt":"2025-11-07T13:53:05","slug":"has-food-iskender-doner","status":"publish","type":"product","link":"https:\/\/hasfood.com\/tr\/product\/has-food-iskender-doner\/","title":{"rendered":"HAS FOOD &#8211; \u0130skender D\u00f6ner"},"content":{"rendered":"","protected":false},"excerpt":{"rendered":"<p>Experience the legendary Iskender d\u00f6ner, a masterpiece that is both a work of art and a culinary delight. Enjoy the melt-in-your-mouth deliciousness.<\/p>","protected":false},"featured_media":1183,"menu_order":290,"template":"","format":"standard","meta":{"_acf_changed":false},"product-cat":[30],"class_list":["post-1180","product","type-product","status-publish","format-standard","has-post-thumbnail","hentry","product-cat-baton-doner"],"acf":[],"_links":{"self":[{"href":"https:\/\/hasfood.com\/tr\/wp-json\/wp\/v2\/product\/1180","targetHints":{"allow":["GET"]}}],"collection":[{"href":"https:\/\/hasfood.com\/tr\/wp-json\/wp\/v2\/product"}],"about":[{"href":"https:\/\/hasfood.com\/tr\/wp-json\/wp\/v2\/types\/product"}],"version-history":[{"count":8,"href":"https:\/\/hasfood.com\/tr\/wp-json\/wp\/v2\/product\/1180\/revisions"}],"predecessor-version":[{"id":1189,"href":"https:\/\/hasfood.com\/tr\/wp-json\/wp\/v2\/product\/1180\/revisions\/1189"}],"wp:featuredmedia":[{"embeddable":true,"href":"https:\/\/hasfood.com\/tr\/wp-json\/wp\/v2\/media\/1183"}],"wp:attachment":[{"href":"https:\/\/hasfood.com\/tr\/wp-json\/wp\/v2\/media?parent=1180"}],"wp:term":[{"taxonomy":"product-cat","embeddable":true,"href":"https:\/\/hasfood.com\/tr\/wp-json\/wp\/v2\/product-cat?post=1180"}],"curies":[{"name":"wp","href":"https:\/\/api.w.org\/{rel}","templated":true}]}}