{"id":1356,"date":"2025-10-30T18:19:31","date_gmt":"2025-10-30T18:19:31","guid":{"rendered":"https:\/\/hasfood.com\/?page_id=1356"},"modified":"2025-10-30T18:21:06","modified_gmt":"2025-10-30T18:21:06","slug":"quality","status":"publish","type":"page","link":"https:\/\/hasfood.com\/tr\/quality\/","title":{"rendered":"KAL\u0130TE"},"content":{"rendered":"<div data-elementor-type=\"wp-page\" data-elementor-id=\"1356\" class=\"elementor elementor-1356\" data-elementor-post-type=\"page\">\n\t\t\t\t<div class=\"elementor-element elementor-element-c6f39a8 section-header e-flex e-con-boxed e-con e-parent\" data-id=\"c6f39a8\" data-element_type=\"container\">\n\t\t\t\t\t<div class=\"e-con-inner\">\n\t\t<div class=\"elementor-element elementor-element-28ab92f e-con-full e-flex e-con e-child\" data-id=\"28ab92f\" data-element_type=\"container\">\n\t\t\t\t<\/div>\n\t\t\t\t\t<\/div>\n\t\t\t\t<\/div>\n\t\t<div class=\"elementor-element elementor-element-7d8df94 section-xs section-narrow e-flex e-con-boxed e-con e-parent\" data-id=\"7d8df94\" data-element_type=\"container\">\n\t\t\t\t\t<div class=\"e-con-inner\">\n\t\t<div class=\"elementor-element elementor-element-e648165 e-con-full e-flex e-con e-child\" data-id=\"e648165\" data-element_type=\"container\">\n\t\t\t\t<div class=\"elementor-element elementor-element-c95f900 elementor-widget elementor-widget-text-editor\" data-id=\"c95f900\" data-element_type=\"widget\" data-widget_type=\"text-editor.default\">\n\t\t\t\t\t\t\t\t\tHAS FOOD - Kaliteli \u00dcretimin Anahtar\u0131!\t\t\t\t\t\t\t\t<\/div>\n\t\t\t\t<div class=\"elementor-element elementor-element-7bb922d elementor-widget elementor-widget-text-editor\" data-id=\"7bb922d\" data-element_type=\"widget\" data-widget_type=\"text-editor.default\">\n\t\t\t\t\t\t\t\t\tHAS FOOD, kalite, i\u015f\u00e7ilik ve g\u0131da g\u00fcvenli\u011fine b\u00fcy\u00fck bir \u00f6nem atfeder. \u0130\u015fimize b\u00fcy\u00fck bir tutkuyla ba\u011fl\u0131y\u0131z ve her zaman m\u00fc\u015fterilerimizin beklentilerini a\u015fmaya \u00e7aba g\u00f6steriyoruz.\t\t\t\t\t\t\t\t<\/div>\n\t\t\t\t<div class=\"elementor-element elementor-element-f915912 elementor-widget elementor-widget-text-editor\" data-id=\"f915912\" data-element_type=\"widget\" data-widget_type=\"text-editor.default\">\n\t\t\t\t\t\t\t\t\tMakinelerimiz, her zaman en y\u00fcksek standartlar\u0131 kar\u015f\u0131lad\u0131\u011f\u0131ndan emin olmak i\u00e7in titizlikle korunur ve d\u00fczenli olarak denetlenir. Geleneksel y\u00f6ntemleri modern teknolojiyle birle\u015ftirerek, i\u015f\u00e7ilik ile yenili\u011fi m\u00fckemmel bir denge i\u00e7inde bulu\u015fturuyoruz.\t\t\t\t\t\t\t\t<\/div>\n\t\t\t\t<div class=\"elementor-element elementor-element-886a801 elementor-widget elementor-widget-text-editor\" data-id=\"886a801\" data-element_type=\"widget\" data-widget_type=\"text-editor.default\">\n\t\t\t\t\t\t\t\t\tBirinci s\u0131n\u0131f et \u00fcr\u00fcnlerinin \u00fcretimi, do\u011fru uzmanl\u0131k ve bilgi birikimi ile m\u00fcmk\u00fcnd\u00fcr, bu inanc\u0131 ta\u015f\u0131yoruz. Geli\u015fmi\u015f makine parkurumuzla daha verimli ve hassas bir \u015fekilde \u00e7al\u0131\u015f\u0131rken, ayn\u0131 zamanda etimizin kalitesini ger\u00e7ek zamanl\u0131 olarak izliyoruz. Takip sistemimiz sayesinde \u00fcretim s\u00fcrecinin her a\u015famas\u0131n\u0131 detayl\u0131 bir \u015fekilde takip edebiliyor ve kalite standartlar\u0131n\u0131 her an g\u00f6zden ge\u00e7irebiliyoruz. Bu, y\u00fcksek ve m\u00fckemmel kalitede \u00fcr\u00fcnleri garanti alt\u0131na almak i\u00e7in \u00f6nemli bir ad\u0131md\u0131r.\t\t\t\t\t\t\t\t<\/div>\n\t\t\t\t<div class=\"elementor-element elementor-element-fd9dfd6 elementor-widget elementor-widget-text-editor\" data-id=\"fd9dfd6\" data-element_type=\"widget\" data-widget_type=\"text-editor.default\">\n\t\t\t\t\t\t\t\t\tM\u00fckemmel lezzet deneyimini size nas\u0131l sunabilece\u011fimizi ke\u015ffedin. Otantik kebap, tavuk ve et \u00fcr\u00fcnleri arayan bir toptanc\u0131 m\u0131s\u0131n\u0131z? Bizimle ileti\u015fime ge\u00e7mekten \u00e7ekinmeyin.\t\t\t\t\t\t\t\t<\/div>\n\t\t\t\t<\/div>\n\t\t\t\t\t<\/div>\n\t\t\t\t<\/div>\n\t\t\t\t<\/div>","protected":false},"excerpt":{"rendered":"<p>HAS FOOD &#8211; The key to quality production!HAS FOOD places great importance on quality, craftsmanship, and food safety. We are passionate about what we do and always strive to exceed our customers&#8217; expectations.Our machines are carefully maintained and regularly inspected&#8230;<\/p>","protected":false},"author":1,"featured_media":0,"parent":0,"menu_order":0,"comment_status":"closed","ping_status":"closed","template":"","meta":{"_acf_changed":false,"footnotes":""},"class_list":["post-1356","page","type-page","status-publish","hentry"],"acf":[],"_links":{"self":[{"href":"https:\/\/hasfood.com\/tr\/wp-json\/wp\/v2\/pages\/1356","targetHints":{"allow":["GET"]}}],"collection":[{"href":"https:\/\/hasfood.com\/tr\/wp-json\/wp\/v2\/pages"}],"about":[{"href":"https:\/\/hasfood.com\/tr\/wp-json\/wp\/v2\/types\/page"}],"author":[{"embeddable":true,"href":"https:\/\/hasfood.com\/tr\/wp-json\/wp\/v2\/users\/1"}],"replies":[{"embeddable":true,"href":"https:\/\/hasfood.com\/tr\/wp-json\/wp\/v2\/comments?post=1356"}],"version-history":[{"count":8,"href":"https:\/\/hasfood.com\/tr\/wp-json\/wp\/v2\/pages\/1356\/revisions"}],"predecessor-version":[{"id":1364,"href":"https:\/\/hasfood.com\/tr\/wp-json\/wp\/v2\/pages\/1356\/revisions\/1364"}],"wp:attachment":[{"href":"https:\/\/hasfood.com\/tr\/wp-json\/wp\/v2\/media?parent=1356"}],"curies":[{"name":"wp","href":"https:\/\/api.w.org\/{rel}","templated":true}]}}