{"id":1347,"date":"2025-10-30T18:16:04","date_gmt":"2025-10-30T18:16:04","guid":{"rendered":"https:\/\/hasfood.com\/?page_id=1347"},"modified":"2025-10-30T18:18:22","modified_gmt":"2025-10-30T18:18:22","slug":"production","status":"publish","type":"page","link":"https:\/\/hasfood.com\/tr\/production\/","title":{"rendered":"\u00dcRET\u0130M"},"content":{"rendered":"<div data-elementor-type=\"wp-page\" data-elementor-id=\"1347\" class=\"elementor elementor-1347\" data-elementor-post-type=\"page\">\n\t\t\t\t<div class=\"elementor-element elementor-element-c6f39a8 section-header e-flex e-con-boxed e-con e-parent\" data-id=\"c6f39a8\" data-element_type=\"container\">\n\t\t\t\t\t<div class=\"e-con-inner\">\n\t\t<div class=\"elementor-element elementor-element-28ab92f e-con-full e-flex e-con e-child\" data-id=\"28ab92f\" data-element_type=\"container\">\n\t\t\t\t<\/div>\n\t\t\t\t\t<\/div>\n\t\t\t\t<\/div>\n\t\t<div class=\"elementor-element elementor-element-7d8df94 section-xs section-narrow e-flex e-con-boxed e-con e-parent\" data-id=\"7d8df94\" data-element_type=\"container\">\n\t\t\t\t\t<div class=\"e-con-inner\">\n\t\t<div class=\"elementor-element elementor-element-e648165 e-con-full e-flex e-con e-child\" data-id=\"e648165\" data-element_type=\"container\">\n\t\t\t\t<div class=\"elementor-element elementor-element-c95f900 elementor-widget elementor-widget-text-editor\" data-id=\"c95f900\" data-element_type=\"widget\" data-widget_type=\"text-editor.default\">\n\t\t\t\t\t\t\t\t\tSon zamanlarda, sekt\u00f6rdeki lider konumumuzu g\u00fc\u00e7lendirmek i\u00e7in b\u00fcy\u00fck \u00f6l\u00e7ekli yat\u0131r\u0131mlar yaparak \u00fcretim kapasitemizi geni\u015flettik. Yenilik\u00e7i makine ve teknolojilerle donat\u0131lm\u0131\u015f tesisimiz sayesinde, \u00fcr\u00fcnlerimizin kalitesi ve orijinalli\u011fi her zamankinden daha \u00fcst seviyede korunmu\u015ftur.\t\t\t\t\t\t\t\t<\/div>\n\t\t\t\t<div class=\"elementor-element elementor-element-7bb922d elementor-widget elementor-widget-text-editor\" data-id=\"7bb922d\" data-element_type=\"widget\" data-widget_type=\"text-editor.default\">\n\t\t\t\t\t\t\t\t\tSon zamanlarda, sekt\u00f6rdeki lider konumumuzu g\u00fc\u00e7lendirmek i\u00e7in b\u00fcy\u00fck \u00f6l\u00e7ekli yat\u0131r\u0131mlar yaparak \u00fcretim kapasitemizi geni\u015flettik. Yenilik\u00e7i makine ve teknolojilerle donat\u0131lm\u0131\u015f tesisimiz sayesinde, \u00fcr\u00fcnlerimizin kalitesi ve orijinalli\u011fi her zamankinden daha \u00fcst seviyede korunmu\u015ftur.\t\t\t\t\t\t\t\t<\/div>\n\t\t\t\t<div class=\"elementor-element elementor-element-886a801 elementor-widget elementor-widget-text-editor\" data-id=\"886a801\" data-element_type=\"widget\" data-widget_type=\"text-editor.default\">\n\t\t\t\t\t\t\t\t\tHAS FOOD olarak, m\u00fc\u015fterilerimize m\u00fckemmel bir lezzet deneyimi sunmak i\u00e7in kendimizi tamamen adam\u0131\u015f durumday\u0131z. Geleneksel tariflere ve y\u00fcksek kaliteli malzemelere dayal\u0131 \u00f6zenli i\u015f\u00e7ili\u011fimiz, bize de\u011ferli bir itibar kazand\u0131rm\u0131\u015ft\u0131r. Kebap, tavuk ve et \u00fcr\u00fcnleri sekt\u00f6r\u00fcndeki konumumuzla gurur duyuyoruz.\t\t\t\t\t\t\t\t<\/div>\n\t\t\t\t<div class=\"elementor-element elementor-element-fd9dfd6 elementor-widget elementor-widget-text-editor\" data-id=\"fd9dfd6\" data-element_type=\"widget\" data-widget_type=\"text-editor.default\">\n\t\t\t\t\t\t\t\t\t2023'ten itibaren, yeni markalar\u0131m\u0131z Mr Kebab ve Mr Butcher alt\u0131nda \u00f6ne \u00e7\u0131kan bir dondurulmu\u015f kebap ve et \u00fcr\u00fcnleri serisini piyasaya s\u00fcrd\u00fck. Bu seri, perakendecilerin \u00f6zel ihtiya\u00e7lar\u0131na uygun olarak tasarlanm\u0131\u015ft\u0131r. En y\u00fcksek kalite standartlar\u0131n\u0131 kar\u015f\u0131layan ve benzersiz bir lezzet deneyimi sunan \u00fcr\u00fcnlerimizle dikkat \u00e7ekiyoruz.\t\t\t\t\t\t\t\t<\/div>\n\t\t\t\t<div class=\"elementor-element elementor-element-7f145a2 elementor-widget elementor-widget-text-editor\" data-id=\"7f145a2\" data-element_type=\"widget\" data-widget_type=\"text-editor.default\">\n\t\t\t\t\t\t\t\t\t\u00dcr\u00fcn yelpazemize katk\u0131da bulunarak y\u00fcksek kalite ve ola\u011fan\u00fcst\u00fc lezzet arayanlar i\u00e7in ideal bir se\u00e7enek olmaya devam ediyoruz. \u00dcr\u00fcnlerimiz, m\u00fc\u015fterilerinizi memnun edecek ve ma\u011fazan\u0131zda veya s\u00fcpermarketinizde farkl\u0131 bir se\u00e7enek sunacakt\u0131r.\t\t\t\t\t\t\t\t<\/div>\n\t\t\t\t<div class=\"elementor-element elementor-element-8ae9872 elementor-widget elementor-widget-text-editor\" data-id=\"8ae9872\" data-element_type=\"widget\" data-widget_type=\"text-editor.default\">\n\t\t\t\t\t\t\t\t\tSize hizmet sunmay\u0131 iple \u00e7ekiyoruz!\t\t\t\t\t\t\t\t<\/div>\n\t\t\t\t<\/div>\n\t\t\t\t\t<\/div>\n\t\t\t\t<\/div>\n\t\t\t\t<\/div>","protected":false},"excerpt":{"rendered":"<p>With over 15 years of experience in the industry, we are known as the ultimate producer of the most delicious kebab, chicken, and meat products.As pioneers in the industry, we have recently made large-scale investments to expand our production capacity&#8230;.<\/p>","protected":false},"author":1,"featured_media":0,"parent":0,"menu_order":0,"comment_status":"closed","ping_status":"closed","template":"","meta":{"_acf_changed":false,"footnotes":""},"class_list":["post-1347","page","type-page","status-publish","hentry"],"acf":[],"_links":{"self":[{"href":"https:\/\/hasfood.com\/tr\/wp-json\/wp\/v2\/pages\/1347","targetHints":{"allow":["GET"]}}],"collection":[{"href":"https:\/\/hasfood.com\/tr\/wp-json\/wp\/v2\/pages"}],"about":[{"href":"https:\/\/hasfood.com\/tr\/wp-json\/wp\/v2\/types\/page"}],"author":[{"embeddable":true,"href":"https:\/\/hasfood.com\/tr\/wp-json\/wp\/v2\/users\/1"}],"replies":[{"embeddable":true,"href":"https:\/\/hasfood.com\/tr\/wp-json\/wp\/v2\/comments?post=1347"}],"version-history":[{"count":8,"href":"https:\/\/hasfood.com\/tr\/wp-json\/wp\/v2\/pages\/1347\/revisions"}],"predecessor-version":[{"id":1355,"href":"https:\/\/hasfood.com\/tr\/wp-json\/wp\/v2\/pages\/1347\/revisions\/1355"}],"wp:attachment":[{"href":"https:\/\/hasfood.com\/tr\/wp-json\/wp\/v2\/media?parent=1347"}],"curies":[{"name":"wp","href":"https:\/\/api.w.org\/{rel}","templated":true}]}}