{"id":172,"date":"2025-10-17T22:08:31","date_gmt":"2025-10-17T22:08:31","guid":{"rendered":"https:\/\/hasfood.com\/?page_id=172"},"modified":"2025-11-03T11:02:36","modified_gmt":"2025-11-03T11:02:36","slug":"about-has-food","status":"publish","type":"page","link":"https:\/\/hasfood.com\/fr\/about-has-food\/","title":{"rendered":"\u00c0 propos de Has Food"},"content":{"rendered":"<div data-elementor-type=\"wp-page\" data-elementor-id=\"172\" class=\"elementor elementor-172\" data-elementor-post-type=\"page\">\n\t\t\t\t<div class=\"elementor-element elementor-element-c6f39a8 section-header e-flex e-con-boxed e-con e-parent\" data-id=\"c6f39a8\" data-element_type=\"container\">\n\t\t\t\t\t<div class=\"e-con-inner\">\n\t\t<div class=\"elementor-element elementor-element-28ab92f e-con-full e-flex e-con e-child\" data-id=\"28ab92f\" data-element_type=\"container\">\n\t\t\t\t<\/div>\n\t\t\t\t\t<\/div>\n\t\t\t\t<\/div>\n\t\t<div class=\"elementor-element elementor-element-7d8df94 section-xs section-narrow e-flex e-con-boxed e-con e-parent\" data-id=\"7d8df94\" data-element_type=\"container\">\n\t\t\t\t\t<div class=\"e-con-inner\">\n\t\t<div class=\"elementor-element elementor-element-e648165 e-con-full e-flex e-con e-child\" data-id=\"e648165\" data-element_type=\"container\">\n\t\t\t\t<div class=\"elementor-element elementor-element-c95f900 elementor-widget elementor-widget-text-editor\" data-id=\"c95f900\" data-element_type=\"widget\" data-widget_type=\"text-editor.default\">\n\t\t\t\t\t\t\t\t\t<p>HAS FOOD, votre partenaire de confiance pour des produits halal de kebab et de viande de haute qualit\u00e9.<\/p>\t\t\t\t\t\t\t\t<\/div>\n\t\t\t\t<div class=\"elementor-element elementor-element-7bb922d elementor-widget elementor-widget-text-editor\" data-id=\"7bb922d\" data-element_type=\"widget\" data-widget_type=\"text-editor.default\">\n\t\t\t\t\t\t\t\t\tHAS FOOD est active dans le secteur de la viande depuis plusieurs ann\u00e9es. Avec une gamme exceptionnelle et unique de viandes, de poulet et de kebab, HAS FOOD se positionne sur le march\u00e9 comme un producteur de viande remarquable et de premier plan. Notre usine \u00e0 Olen occupe une superficie de 3000 m\u00b2 sur un site de 5000 m\u00b2. HAS FOOD est n\u00e9e d\u2019une initiative familiale et a \u00e9t\u00e9 fond\u00e9e par deux entrepreneurs \u00e0 Olen. L\u2019entreprise est aujourd\u2019hui dirig\u00e9e par les deux fils, F. Kaya et M. A. S\u00f6zsav. Les fondateurs initiaux restent toujours actifs au sein de la soci\u00e9t\u00e9, mais transmettront progressivement le flambeau \u00e0 la nouvelle g\u00e9n\u00e9ration.\t\t\t\t\t\t\t\t<\/div>\n\t\t\t\t<div class=\"elementor-element elementor-element-886a801 elementor-widget elementor-widget-text-editor\" data-id=\"886a801\" data-element_type=\"widget\" data-widget_type=\"text-editor.default\">\n\t\t\t\t\t\t\t\t\tNotre entreprise se distingue des autres acteurs du march\u00e9 par son fort accent sur la qualit\u00e9 et l\u2019int\u00e9gration des technologies les plus r\u00e9centes dans ses machines de production. Nos animaux sont abattus dans des abattoirs professionnels op\u00e9rant conform\u00e9ment aux proc\u00e9dures halal islamiques. De plus, nos produits se d\u00e9marquent gr\u00e2ce \u00e0 nos recettes uniques qui offrent une sensation gustative in\u00e9gal\u00e9e. En portant une attention constante \u00e0 l\u2019hygi\u00e8ne maximale et \u00e0 la fonctionnalit\u00e9, nous visons \u00e0 livrer un produit final de la plus haute qualit\u00e9. Avec une gamme vari\u00e9e, comprenant de d\u00e9licieuses viandes assaisonn\u00e9es, nous souhaitons offrir \u00e0 nos clients finaux des produits d\u2019excellence.\t\t\t\t\t\t\t\t<\/div>\n\t\t\t\t<div class=\"elementor-element elementor-element-fd9dfd6 elementor-widget elementor-widget-text-editor\" data-id=\"fd9dfd6\" data-element_type=\"widget\" data-widget_type=\"text-editor.default\">\n\t\t\t\t\t\t\t\t\tNotre production est conforme \u00e0 toutes les normes HACCP et est reconnue par l\u2019AFSCA. La qualit\u00e9 et la s\u00e9curit\u00e9 de nos produits sont garanties en permanence gr\u00e2ce \u00e0 un suivi rigoureux assur\u00e9 par des v\u00e9t\u00e9rinaires et des technologues alimentaires.\t\t\t\t\t\t\t\t<\/div>\n\t\t<div class=\"elementor-element elementor-element-baf4e49 e-con-full section-xs e-flex e-con e-child\" data-id=\"baf4e49\" data-element_type=\"container\">\n\t\t\t\t<div class=\"elementor-element elementor-element-225bb44 elementor-widget elementor-widget-heading\" data-id=\"225bb44\" data-element_type=\"widget\" data-widget_type=\"heading.default\">\n\t\t\t\t\t<div class=\"elementor-heading-title elementor-size-default\">2008<\/div>\t\t\t\t<\/div>\n\t\t\t\t<div class=\"elementor-element elementor-element-1fa1a55 elementor-widget elementor-widget-text-editor\" data-id=\"1fa1a55\" data-element_type=\"widget\" data-widget_type=\"text-editor.default\">\n\t\t\t\t\t\t\t\t\tCommenc\u00e9 dans une \u00ab boucherie \u00e0 Genk \u00bb avec la production de d\u00f6ner kebab.\t\t\t\t\t\t\t\t<\/div>\n\t\t\t\t<div class=\"elementor-element elementor-element-7e47f6f elementor-widget-divider--view-line_icon elementor-view-stacked elementor-widget-divider--element-align-center elementor-widget elementor-widget-divider\" data-id=\"7e47f6f\" data-element_type=\"widget\" data-widget_type=\"divider.default\">\n\t\t\t\t\t\t\t<div class=\"elementor-divider\">\n\t\t\t<span class=\"elementor-divider-separator\">\n\t\t\t\t\t\t\t<div class=\"elementor-icon elementor-divider__element\">\n\t\t\t\t\t<svg aria-hidden=\"true\" class=\"e-font-icon-svg e-fas-chevron-down\" viewbox=\"0 0 448 512\" xmlns=\"http:\/\/www.w3.org\/2000\/svg\"><path d=\"M207.029 381.476L12.686 187.132c-9.373-9.373-9.373-24.569 0-33.941l22.667-22.667c9.357-9.357 24.522-9.375 33.901-.04L224 284.505l154.745-154.021c9.379-9.335 24.544-9.317 33.901.04l22.667 22.667c9.373 9.373 9.373 24.569 0 33.941L240.971 381.476c-9.373 9.372-24.569 9.372-33.942 0z\"><\/path><\/svg><\/div>\n\t\t\t\t\t\t<\/span>\n\t\t<\/div>\n\t\t\t\t\t\t<\/div>\n\t\t\t\t<div class=\"elementor-element elementor-element-463fcf6 elementor-widget elementor-widget-heading\" data-id=\"463fcf6\" data-element_type=\"widget\" data-widget_type=\"heading.default\">\n\t\t\t\t\t<div class=\"elementor-heading-title elementor-size-default\">2011<\/div>\t\t\t\t<\/div>\n\t\t\t\t<div class=\"elementor-element elementor-element-3247ebb elementor-widget elementor-widget-text-editor\" data-id=\"3247ebb\" data-element_type=\"widget\" data-widget_type=\"text-editor.default\">\n\t\t\t\t\t\t\t\t\tD\u00e9m\u00e9nagement vers une plus grande \u00ab installation de production \u00e0 Olen \u00bb pour r\u00e9pondre \u00e0 la demande croissante.\t\t\t\t\t\t\t\t<\/div>\n\t\t\t\t<div class=\"elementor-element elementor-element-427b6b7 elementor-widget-divider--view-line_icon elementor-view-stacked elementor-widget-divider--element-align-center elementor-widget elementor-widget-divider\" data-id=\"427b6b7\" data-element_type=\"widget\" data-widget_type=\"divider.default\">\n\t\t\t\t\t\t\t<div class=\"elementor-divider\">\n\t\t\t<span class=\"elementor-divider-separator\">\n\t\t\t\t\t\t\t<div class=\"elementor-icon elementor-divider__element\">\n\t\t\t\t\t<svg aria-hidden=\"true\" class=\"e-font-icon-svg e-fas-chevron-down\" viewbox=\"0 0 448 512\" xmlns=\"http:\/\/www.w3.org\/2000\/svg\"><path d=\"M207.029 381.476L12.686 187.132c-9.373-9.373-9.373-24.569 0-33.941l22.667-22.667c9.357-9.357 24.522-9.375 33.901-.04L224 284.505l154.745-154.021c9.379-9.335 24.544-9.317 33.901.04l22.667 22.667c9.373 9.373 9.373 24.569 0 33.941L240.971 381.476c-9.373 9.372-24.569 9.372-33.942 0z\"><\/path><\/svg><\/div>\n\t\t\t\t\t\t<\/span>\n\t\t<\/div>\n\t\t\t\t\t\t<\/div>\n\t\t\t\t<div class=\"elementor-element elementor-element-9043dc7 elementor-widget elementor-widget-heading\" data-id=\"9043dc7\" data-element_type=\"widget\" data-widget_type=\"heading.default\">\n\t\t\t\t\t<div class=\"elementor-heading-title elementor-size-default\">2016<\/div>\t\t\t\t<\/div>\n\t\t\t\t<div class=\"elementor-element elementor-element-b188f09 elementor-widget elementor-widget-text-editor\" data-id=\"b188f09\" data-element_type=\"widget\" data-widget_type=\"text-editor.default\">\n\t\t\t\t\t\t\t\t\tLa \u00ab nouvelle g\u00e9n\u00e9ration \u00bb a rejoint l\u2019entreprise, apportant des id\u00e9es neuves et une \u00e9nergie renouvel\u00e9e.\t\t\t\t\t\t\t\t<\/div>\n\t\t\t\t<div class=\"elementor-element elementor-element-b35dad6 elementor-widget-divider--view-line_icon elementor-view-stacked elementor-widget-divider--element-align-center elementor-widget elementor-widget-divider\" data-id=\"b35dad6\" data-element_type=\"widget\" data-widget_type=\"divider.default\">\n\t\t\t\t\t\t\t<div class=\"elementor-divider\">\n\t\t\t<span class=\"elementor-divider-separator\">\n\t\t\t\t\t\t\t<div class=\"elementor-icon elementor-divider__element\">\n\t\t\t\t\t<svg aria-hidden=\"true\" class=\"e-font-icon-svg e-fas-chevron-down\" viewbox=\"0 0 448 512\" xmlns=\"http:\/\/www.w3.org\/2000\/svg\"><path d=\"M207.029 381.476L12.686 187.132c-9.373-9.373-9.373-24.569 0-33.941l22.667-22.667c9.357-9.357 24.522-9.375 33.901-.04L224 284.505l154.745-154.021c9.379-9.335 24.544-9.317 33.901.04l22.667 22.667c9.373 9.373 9.373 24.569 0 33.941L240.971 381.476c-9.373 9.372-24.569 9.372-33.942 0z\"><\/path><\/svg><\/div>\n\t\t\t\t\t\t<\/span>\n\t\t<\/div>\n\t\t\t\t\t\t<\/div>\n\t\t\t\t<div class=\"elementor-element elementor-element-0d28bd6 elementor-widget elementor-widget-heading\" data-id=\"0d28bd6\" data-element_type=\"widget\" data-widget_type=\"heading.default\">\n\t\t\t\t\t<div class=\"elementor-heading-title elementor-size-default\">2020<\/div>\t\t\t\t<\/div>\n\t\t\t\t<div class=\"elementor-element elementor-element-3b4088f elementor-widget elementor-widget-text-editor\" data-id=\"3b4088f\" data-element_type=\"widget\" data-widget_type=\"text-editor.default\">\n\t\t\t\t\t\t\t\t\tA entrepris d\u2019importants \u00ab projets de modernisation et d\u2019expansion \u00bb sous la direction de la nouvelle g\u00e9n\u00e9ration.\t\t\t\t\t\t\t\t<\/div>\n\t\t\t\t<div class=\"elementor-element elementor-element-5cefcfe elementor-widget-divider--view-line_icon elementor-view-stacked elementor-widget-divider--element-align-center elementor-widget elementor-widget-divider\" data-id=\"5cefcfe\" data-element_type=\"widget\" data-widget_type=\"divider.default\">\n\t\t\t\t\t\t\t<div class=\"elementor-divider\">\n\t\t\t<span class=\"elementor-divider-separator\">\n\t\t\t\t\t\t\t<div class=\"elementor-icon elementor-divider__element\">\n\t\t\t\t\t<svg aria-hidden=\"true\" class=\"e-font-icon-svg e-fas-chevron-down\" viewbox=\"0 0 448 512\" xmlns=\"http:\/\/www.w3.org\/2000\/svg\"><path d=\"M207.029 381.476L12.686 187.132c-9.373-9.373-9.373-24.569 0-33.941l22.667-22.667c9.357-9.357 24.522-9.375 33.901-.04L224 284.505l154.745-154.021c9.379-9.335 24.544-9.317 33.901.04l22.667 22.667c9.373 9.373 9.373 24.569 0 33.941L240.971 381.476c-9.373 9.372-24.569 9.372-33.942 0z\"><\/path><\/svg><\/div>\n\t\t\t\t\t\t<\/span>\n\t\t<\/div>\n\t\t\t\t\t\t<\/div>\n\t\t\t\t<div class=\"elementor-element elementor-element-ab44f90 elementor-widget elementor-widget-heading\" data-id=\"ab44f90\" data-element_type=\"widget\" data-widget_type=\"heading.default\">\n\t\t\t\t\t<div class=\"elementor-heading-title elementor-size-default\">2023<\/div>\t\t\t\t<\/div>\n\t\t\t\t<div class=\"elementor-element elementor-element-c652ecd elementor-widget elementor-widget-text-editor\" data-id=\"c652ecd\" data-element_type=\"widget\" data-widget_type=\"text-editor.default\">\n\t\t\t\t\t\t\t\t\tLancement de la \u00ab gamme Mr. Kebab \u00bb, ax\u00e9e sur des produits de kebab traditionnels et de haute qualit\u00e9. De plus, nous avons commenc\u00e9 \u00e0 servir des \u00ab clients industriels \u00bb, en plus du secteur de la restauration et de la vente au d\u00e9tail.\t\t\t\t\t\t\t\t<\/div>\n\t\t\t\t<div class=\"elementor-element elementor-element-ce2c7ef elementor-widget-divider--view-line_icon elementor-view-stacked elementor-widget-divider--element-align-center elementor-widget elementor-widget-divider\" data-id=\"ce2c7ef\" data-element_type=\"widget\" data-widget_type=\"divider.default\">\n\t\t\t\t\t\t\t<div class=\"elementor-divider\">\n\t\t\t<span class=\"elementor-divider-separator\">\n\t\t\t\t\t\t\t<div class=\"elementor-icon elementor-divider__element\">\n\t\t\t\t\t<svg aria-hidden=\"true\" class=\"e-font-icon-svg e-fas-chevron-down\" viewbox=\"0 0 448 512\" xmlns=\"http:\/\/www.w3.org\/2000\/svg\"><path d=\"M207.029 381.476L12.686 187.132c-9.373-9.373-9.373-24.569 0-33.941l22.667-22.667c9.357-9.357 24.522-9.375 33.901-.04L224 284.505l154.745-154.021c9.379-9.335 24.544-9.317 33.901.04l22.667 22.667c9.373 9.373 9.373 24.569 0 33.941L240.971 381.476c-9.373 9.372-24.569 9.372-33.942 0z\"><\/path><\/svg><\/div>\n\t\t\t\t\t\t<\/span>\n\t\t<\/div>\n\t\t\t\t\t\t<\/div>\n\t\t\t\t<div class=\"elementor-element elementor-element-77fbfa1 elementor-widget elementor-widget-heading\" data-id=\"77fbfa1\" data-element_type=\"widget\" data-widget_type=\"heading.default\">\n\t\t\t\t\t<div class=\"elementor-heading-title elementor-size-default\">2024<\/div>\t\t\t\t<\/div>\n\t\t\t\t<div class=\"elementor-element elementor-element-9af7108 elementor-widget elementor-widget-text-editor\" data-id=\"9af7108\" data-element_type=\"widget\" data-widget_type=\"text-editor.default\">\n\t\t\t\t\t\t\t\t\tIntroduction de la \u00ab gamme Alpha\u2019s Burger \u00bb, compos\u00e9e de burgers 100 % pur b\u0153uf de qualit\u00e9 premium.\t\t\t\t\t\t\t\t<\/div>\n\t\t\t\t<div class=\"elementor-element elementor-element-039f3b0 elementor-widget elementor-widget-text-editor\" data-id=\"039f3b0\" data-element_type=\"widget\" data-widget_type=\"text-editor.default\">\n\t\t\t\t\t\t\t\t\tCette chronologie illustre la croissance continue de Has Food et son engagement envers l\u2019excellence !\t\t\t\t\t\t\t\t<\/div>\n\t\t\t\t<\/div>\n\t\t\t\t<div class=\"elementor-element elementor-element-7f145a2 elementor-widget elementor-widget-text-editor\" data-id=\"7f145a2\" data-element_type=\"widget\" data-widget_type=\"text-editor.default\">\n\t\t\t\t\t\t\t\t\tChez HAS FOOD, nous croyons aux relations durables avec nos clients et nous nous effor\u00e7ons de r\u00e9pondre \u00e0 tous vos besoins et attentes. Vous \u00eates donc les bienvenus pour visiter nos installations de production \u00e0 Olen et faire connaissance avec notre entreprise.\t\t\t\t\t\t\t\t<\/div>\n\t\t\t\t<div class=\"elementor-element elementor-element-8ae9872 elementor-widget elementor-widget-text-editor\" data-id=\"8ae9872\" data-element_type=\"widget\" data-widget_type=\"text-editor.default\">\n\t\t\t\t\t\t\t\t\tNous avons h\u00e2te de vous servir!\t\t\t\t\t\t\t\t<\/div>\n\t\t\t\t<div class=\"elementor-element elementor-element-63516fb elementor-widget elementor-widget-text-editor\" data-id=\"63516fb\" data-element_type=\"widget\" data-widget_type=\"text-editor.default\">\n\t\t\t\t\t\t\t\t\t<p>HAS FOOD, Conseil d\u2019administration<\/p>\t\t\t\t\t\t\t\t<\/div>\n\t\t<div class=\"elementor-element elementor-element-eaba36e e-con-full e-flex e-con e-child\" data-id=\"eaba36e\" data-element_type=\"container\">\n\t\t\t\t<div class=\"elementor-element elementor-element-f804767 elementor-widget elementor-widget-heading\" data-id=\"f804767\" data-element_type=\"widget\" data-widget_type=\"heading.default\">\n\t\t\t\t\t<h3 class=\"elementor-heading-title elementor-size-default\">O\u00f9<\/h3>\t\t\t\t<\/div>\n\t\t\t\t<div class=\"elementor-element elementor-element-6fa5130 elementor-widget elementor-widget-heading\" data-id=\"6fa5130\" data-element_type=\"widget\" data-widget_type=\"heading.default\">\n\t\t\t\t\t<h3 class=\"elementor-heading-title elementor-size-default\">O\u00f9 HAS FOOD fournit-elle ses produits ?<\/h3>\t\t\t\t<\/div>\n\t\t\t\t<div class=\"elementor-element elementor-element-392de24 elementor-widget elementor-widget-image\" data-id=\"392de24\" data-element_type=\"widget\" data-widget_type=\"image.default\">\n\t\t\t\t\t\t\t\t\t\t\t\t\t\t\t<img fetchpriority=\"high\" decoding=\"async\" width=\"640\" height=\"311\" src=\"https:\/\/hasfood.com\/wp-content\/uploads\/2025\/10\/map-over-ons-1024x497.webp\" class=\"attachment-large size-large wp-image-1271\" alt=\"map-over-ons\" srcset=\"https:\/\/hasfood.com\/wp-content\/uploads\/2025\/10\/map-over-ons-1024x497.webp 1024w, https:\/\/hasfood.com\/wp-content\/uploads\/2025\/10\/map-over-ons-300x146.webp 300w, https:\/\/hasfood.com\/wp-content\/uploads\/2025\/10\/map-over-ons-768x373.webp 768w, https:\/\/hasfood.com\/wp-content\/uploads\/2025\/10\/map-over-ons-1536x745.webp 1536w, https:\/\/hasfood.com\/wp-content\/uploads\/2025\/10\/map-over-ons-2048x994.webp 2048w, https:\/\/hasfood.com\/wp-content\/uploads\/2025\/10\/map-over-ons-18x9.webp 18w\" sizes=\"(max-width: 640px) 100vw, 640px\" \/>\t\t\t\t\t\t\t\t\t\t\t\t\t\t\t<\/div>\n\t\t\t\t<\/div>\n\t\t<div class=\"elementor-element elementor-element-ecbd89b e-con-full elementor-hidden-desktop elementor-hidden-tablet elementor-hidden-mobile e-flex e-con e-child\" data-id=\"ecbd89b\" data-element_type=\"container\">\n\t\t\t\t<div class=\"elementor-element elementor-element-bf76a7f elementor-widget elementor-widget-heading\" data-id=\"bf76a7f\" data-element_type=\"widget\" data-widget_type=\"heading.default\">\n\t\t\t\t\t<h3 class=\"elementor-heading-title elementor-size-default\">WHO DOES<\/h3>\t\t\t\t<\/div>\n\t\t\t\t<div class=\"elementor-element elementor-element-b6c2e1c elementor-widget elementor-widget-heading\" data-id=\"b6c2e1c\" data-element_type=\"widget\" data-widget_type=\"heading.default\">\n\t\t\t\t\t<h3 class=\"elementor-heading-title elementor-size-default\">HAS FOOD SUPPLY WITH ITS PRODUCTS?<\/h3>\t\t\t\t<\/div>\n\t\t\t\t<div class=\"elementor-element elementor-element-9530173 elementor-widget elementor-widget-image\" data-id=\"9530173\" data-element_type=\"widget\" data-widget_type=\"image.default\">\n\t\t\t\t\t\t\t\t\t\t\t\t\t\t\t<img decoding=\"async\" width=\"640\" height=\"193\" src=\"https:\/\/hasfood.com\/wp-content\/uploads\/2025\/10\/over-ons-footer-1024x308.webp\" class=\"attachment-large size-large wp-image-1273\" alt=\"\" srcset=\"https:\/\/hasfood.com\/wp-content\/uploads\/2025\/10\/over-ons-footer-1024x308.webp 1024w, https:\/\/hasfood.com\/wp-content\/uploads\/2025\/10\/over-ons-footer-300x90.webp 300w, https:\/\/hasfood.com\/wp-content\/uploads\/2025\/10\/over-ons-footer-768x231.webp 768w, https:\/\/hasfood.com\/wp-content\/uploads\/2025\/10\/over-ons-footer-1536x462.webp 1536w, https:\/\/hasfood.com\/wp-content\/uploads\/2025\/10\/over-ons-footer-18x5.webp 18w, https:\/\/hasfood.com\/wp-content\/uploads\/2025\/10\/over-ons-footer.webp 2042w\" sizes=\"(max-width: 640px) 100vw, 640px\" \/>\t\t\t\t\t\t\t\t\t\t\t\t\t\t\t<\/div>\n\t\t\t\t<\/div>\n\t\t\t\t<\/div>\n\t\t\t\t\t<\/div>\n\t\t\t\t<\/div>\n\t\t\t\t<\/div>","protected":false},"excerpt":{"rendered":"<p>HAS FOOD, your trusted partner for high-quality halal kebab and meat products. HAS FOOD has been active in the meat sector for several years. With an extraordinary and unique range of meat, chicken, and kebab, HAS FOOD positions itself in&#8230;<\/p>","protected":false},"author":1,"featured_media":0,"parent":0,"menu_order":0,"comment_status":"closed","ping_status":"closed","template":"","meta":{"_acf_changed":false,"footnotes":""},"class_list":["post-172","page","type-page","status-publish","hentry"],"acf":[],"_links":{"self":[{"href":"https:\/\/hasfood.com\/fr\/wp-json\/wp\/v2\/pages\/172","targetHints":{"allow":["GET"]}}],"collection":[{"href":"https:\/\/hasfood.com\/fr\/wp-json\/wp\/v2\/pages"}],"about":[{"href":"https:\/\/hasfood.com\/fr\/wp-json\/wp\/v2\/types\/page"}],"author":[{"embeddable":true,"href":"https:\/\/hasfood.com\/fr\/wp-json\/wp\/v2\/users\/1"}],"replies":[{"embeddable":true,"href":"https:\/\/hasfood.com\/fr\/wp-json\/wp\/v2\/comments?post=172"}],"version-history":[{"count":92,"href":"https:\/\/hasfood.com\/fr\/wp-json\/wp\/v2\/pages\/172\/revisions"}],"predecessor-version":[{"id":1759,"href":"https:\/\/hasfood.com\/fr\/wp-json\/wp\/v2\/pages\/172\/revisions\/1759"}],"wp:attachment":[{"href":"https:\/\/hasfood.com\/fr\/wp-json\/wp\/v2\/media?parent=172"}],"curies":[{"name":"wp","href":"https:\/\/api.w.org\/{rel}","templated":true}]}}