{"id":156,"date":"2025-10-17T21:46:50","date_gmt":"2025-10-17T21:46:50","guid":{"rendered":"https:\/\/hasfood.com\/?page_id=156"},"modified":"2025-11-03T11:27:22","modified_gmt":"2025-11-03T11:27:22","slug":"become-distributor","status":"publish","type":"page","link":"https:\/\/hasfood.com\/fr\/become-distributor\/","title":{"rendered":"Devenez distributeur"},"content":{"rendered":"<div data-elementor-type=\"wp-page\" data-elementor-id=\"156\" class=\"elementor elementor-156\" data-elementor-post-type=\"page\">\n\t\t\t\t<div class=\"elementor-element elementor-element-81baf28 section-header e-flex e-con-boxed e-con e-parent\" data-id=\"81baf28\" data-element_type=\"container\">\n\t\t\t\t\t<div class=\"e-con-inner\">\n\t\t<div class=\"elementor-element elementor-element-efab5c8 e-con-full e-flex e-con e-child\" data-id=\"efab5c8\" data-element_type=\"container\">\n\t\t\t\t<\/div>\n\t\t\t\t\t<\/div>\n\t\t\t\t<\/div>\n\t\t<div class=\"elementor-element elementor-element-7d8df94 section-m section-narrow e-flex e-con-boxed e-con e-parent\" data-id=\"7d8df94\" data-element_type=\"container\">\n\t\t\t\t\t<div class=\"e-con-inner\">\n\t\t<div class=\"elementor-element elementor-element-e648165 e-con-full e-flex e-con e-child\" data-id=\"e648165\" data-element_type=\"container\">\n\t\t\t\t<div class=\"elementor-element elementor-element-c95f900 elementor-widget elementor-widget-text-editor\" data-id=\"c95f900\" data-element_type=\"widget\" data-widget_type=\"text-editor.default\">\n\t\t\t\t\t\t\t\t\t<p>Devenez d\u00e8s maintenant notre point de vente et augmentez votre chiffre d\u2019affaires !<\/p>\t\t\t\t\t\t\t\t<\/div>\n\t\t\t\t<div class=\"elementor-element elementor-element-7bb922d elementor-widget elementor-widget-text-editor\" data-id=\"7bb922d\" data-element_type=\"widget\" data-widget_type=\"text-editor.default\">\n\t\t\t\t\t\t\t\t\t<p>HAS FOOD est une entreprise leader dans le secteur de la viande, avec plus de 15 ans d\u2019exp\u00e9rience dans la production de d\u00f6ner kebab et de produits \u00e0 base de poulet. Nous sommes ravis de collaborer avec des supermarch\u00e9s et des grossistes souhaitant proposer nos produits de haute qualit\u00e9 \u00e0 leurs clients. Vous pouvez facilement vous inscrire sur cette page \u00e0 l\u2019aide du formulaire ci-dessous. Nous visons un partenariat durable et fructueux. Inscrivez-vous d\u00e8s aujourd\u2019hui et d\u00e9couvrez comment nos produits Has Food peuvent enrichir votre offre.<\/p>\t\t\t\t\t\t\t\t<\/div>\n\t\t\t\t<\/div>\n\t\t<div class=\"elementor-element elementor-element-1369e5e e-con-full e-flex e-con e-child\" data-id=\"1369e5e\" data-element_type=\"container\">\n\t\t\t\t<div class=\"elementor-element elementor-element-1eb4785 fluent-form-widget-step-header-yes fluent-form-widget-step-progressbar-yes fluentform-widget-submit-button-custom elementor-widget elementor-widget-fluent-form-widget\" data-id=\"1eb4785\" data-element_type=\"widget\" data-widget_type=\"fluent-form-widget.default\">\n\t\t\t\t<div class=\"elementor-widget-container\">\n\t\t\t\t\t\n            <div class=\"fluentform-widget-wrapper fluentform-widget-custom-radio-checkbox fluentform-widget-align-default\">\n\n            \n            <div class='fluentform ff-default fluentform_wrapper_3 ffs_default_wrap'><form data-form_id=\"3\" id=\"fluentform_3\" class=\"frm-fluent-form fluent_form_3 ff-el-form-top ff_form_instance_3_1 ff-form-loading ff_has_v3_recptcha ffs_default\" data-form_instance=\"ff_form_instance_3_1\" method=\"POST\" data-recptcha_key=\"6LcjASAoAAAAADs-9A1Qnmkccx1wjesqk5SWljz4\" action=\"\" ><fieldset  style=\"border: none!important;margin: 0!important;padding: 0!important;background-color: transparent!important;box-shadow: none!important;outline: none!important; min-inline-size: 100%;\">\n                    <legend class=\"ff_screen_reader_title\" style=\"display: block; margin: 0!important;padding: 0!important;height: 0!important;text-indent: -999999px;width: 0!important;overflow:hidden;\">Devenez distributeur<\/legend><input type='hidden' name='__fluent_form_embded_post_id' value='156' \/><input type=\"hidden\" id=\"_fluentform_3_fluentformnonce\" name=\"_fluentform_3_fluentformnonce\" value=\"0bc1312c09\" \/><input type=\"hidden\" name=\"_wp_http_referer\" value=\"\/fr\/wp-json\/wp\/v2\/pages\/156\" \/><div data-type=\"name-element\" data-name=\"names\" class=\"ff-field_container ff-name-field-wrapper\" ><div class='ff-t-container'><div class='ff-t-cell'><div class='ff-el-group ff-el-form-top'><div class=\"ff-el-input--label ff-el-is-required asterisk-right\"><label for='ff_3_names_first_name_' >Pr\u00e9nom<\/label><\/div><div class='ff-el-input--content'><input type=\"text\" name=\"names[first_name]\" id=\"ff_3_names_first_name_\" class=\"ff-el-form-control\" placeholder=\"Entrez votre pr\u00e9nom\" aria-invalid=\"false\" aria-required=\"true\"><\/div><\/div><\/div><div class='ff-t-cell'><div class='ff-el-group ff-el-form-top'><div class=\"ff-el-input--label ff-el-is-required asterisk-right\"><label for='ff_3_names_last_name_' >Nom de famille<\/label><\/div><div class='ff-el-input--content'><input type=\"text\" name=\"names[last_name]\" id=\"ff_3_names_last_name_\" class=\"ff-el-form-control\" placeholder=\"Entrez votre nom de famille\" aria-invalid=\"false\" aria-required=\"true\"><\/div><\/div><\/div><\/div><\/div><div data-name=\"ff_cn_id_1\"  class='ff-t-container ff-column-container ff_columns_total_2'><div class='ff-t-cell ff-t-column-1' style='flex-basis: 50%;'><div class='ff-el-group'><div class=\"ff-el-input--label ff-el-is-required asterisk-right\"><label for='ff_3_email' aria-label=\"Adresse e-mail autoris\u00e9e\">Adresse e-mail autoris\u00e9e<\/label><\/div><div class='ff-el-input--content'><input type=\"email\" name=\"email\" id=\"ff_3_email\" class=\"ff-el-form-control\" placeholder=\"johnsmith@email.com\" data-name=\"email\"  aria-invalid=\"false\" aria-required=\"true\"><\/div><\/div><\/div><div class='ff-t-cell ff-t-column-2' style='flex-basis: 50%;'><div class='ff-el-group'><div class=\"ff-el-input--label ff-el-is-required asterisk-right\"><label for='ff_3_dropdown' aria-label=\"Type d\u2019entreprise\">Type d\u2019entreprise<\/label><\/div><div class='ff-el-input--content'><select name=\"dropdown\" id=\"ff_3_dropdown\" class=\"ff-el-form-control\" data-name=\"dropdown\" data-calc_value=\"0\"  aria-invalid=\"false\" aria-required=\"true\"><option value=\"\">- Select -<\/option><option value=\"Wholesale\"  >Wholesale<\/option><option value=\"Distributor\"  >Distributor<\/option><option value=\"Retail\"  >Retail<\/option><option value=\"E-tail\"  >E-tail<\/option><\/select><\/div><\/div><\/div><\/div><div data-name=\"ff_cn_id_2\"  class='ff-t-container ff-column-container ff_columns_total_2'><div class='ff-t-cell ff-t-column-1' style='flex-basis: 50%;'><div class='ff-el-group'><div class=\"ff-el-input--label ff-el-is-required asterisk-right\"><label for='ff_3_phone' aria-label=\"Num\u00e9ro de t\u00e9l\u00e9phone\">Num\u00e9ro de t\u00e9l\u00e9phone<\/label><\/div><div class='ff-el-input--content'><input name=\"phone\" class=\"ff-el-form-control ff-el-phone ff_el_with_extended_validation\" type=\"tel\" placeholder=\"e.g., 0123 45 67 89\" data-name=\"phone\" id=\"ff_3_phone\" inputmode=\"tel\"  aria-invalid='false' aria-required=\"true\"><\/div><\/div><\/div><div class='ff-t-cell ff-t-column-2' style='flex-basis: 50%;'><div class='ff-el-group'><div class=\"ff-el-input--label ff-el-is-required asterisk-right\"><label for='ff_3_input_text' aria-label=\"Num\u00e9ro d\u2019enregistrement de l\u2019entreprise\">Num\u00e9ro d\u2019enregistrement de l\u2019entreprise<\/label><\/div><div class='ff-el-input--content'><input type=\"text\" name=\"input_text\" class=\"ff-el-form-control\" placeholder=\"BE 0123.123.123\" data-name=\"input_text\" id=\"ff_3_input_text\"  aria-invalid=\"false\" aria-required=\"true\"><\/div><\/div><\/div><\/div><div class=\"ff-name-address-wrapper fluent-address\" data-type=\"address-element\" data-name=\"address_1\" ><div class='ff-el-input--label'><label aria-label=\"Adresse\">Adresse<\/label><\/div><div class='ff-el-input--content'><div class='ff-t-container'><div class='ff-t-cell'><div class='ff-el-group'><div class=\"ff-el-input--label ff-el-is-required asterisk-right\"><label for='ff_3_address_1_address_line_1_' aria-label=\"Adresse professionnelle\">Adresse professionnelle<\/label><\/div><div class='ff-el-input--content'><input type=\"text\" name=\"address_1[address_line_1]\" id=\"ff_3_address_1_address_line_1_\" class=\"ff-el-form-control\" placeholder=\"Rue et num\u00e9ro\" data-key_name=\"address_line_1\"  aria-invalid=\"false\" aria-required=\"true\"><\/div><\/div><\/div><div class='ff-t-cell'><div class='ff-el-group'><div class=\"ff-el-input--label ff-el-is-required asterisk-right\"><label for='ff_3_address_1_city_' aria-label=\"Ville\">Ville<\/label><\/div><div class='ff-el-input--content'><input type=\"text\" name=\"address_1[city]\" id=\"ff_3_address_1_city_\" class=\"ff-el-form-control\" placeholder=\"Brussels\" data-key_name=\"city\"  aria-invalid=\"false\" aria-required=\"true\"><\/div><\/div><\/div><\/div><div class='ff-t-container'><div class='ff-t-cell'><div class='ff-el-group'><div class=\"ff-el-input--label asterisk-right\"><label for='ff_3_address_1_zip_' aria-label=\"Code postal\">Code postal<\/label><\/div><div class='ff-el-input--content'><input type=\"text\" name=\"address_1[zip]\" id=\"ff_3_address_1_zip_\" class=\"ff-el-form-control\" placeholder=\"Code postal\" data-key_name=\"zip\"  aria-invalid=\"false\" aria-required=\"false\"><\/div><\/div><\/div><div class='ff-t-cell'><div class='ff-el-group'><div class=\"ff-el-input--label ff-el-is-required asterisk-right\"><label for='ff_3_address_1_country_' aria-label=\"Pays\">Pays<\/label><\/div><div class='ff-el-input--content'><select name=\"address_1[country]\" id=\"ff_3_address_1_country_\" class=\"ff-el-form-control\" placeholder=\"Select Country\" data-key_name=\"country\" aria-invalid='false' aria-required=\"true\"><option value=''>Select Country<\/option><optgroup label=\"\"><option value='DE' >Allemagne<\/option><option value='BE' selected>Belgique<\/option><option value='FR' >France<\/option><option value='LU' >Luxembourg<\/option><option value='NL' >Pays-Bas<\/option><\/optgroup><optgroup label=\"\"><option value='AF' >Afghanistan<\/option><option value='ZA' >Afrique du Sud<\/option><option value='AL' >Albanie<\/option><option value='DZ' >Alg\u00e9rie<\/option><option value='AS' >American Samoa<\/option><option value='AD' >Andorre<\/option><option value='AO' >Angola<\/option><option value='AI' >Anguilla<\/option><option value='AQ' >Antarctique<\/option><option value='AG' >Antigua-et-Barbuda<\/option><option value='SA' >Arabie Saoudite<\/option><option value='AR' >Argentine<\/option><option value='AM' >Arm\u00e9nie<\/option><option value='AW' >Aruba<\/option><option value='AU' >Australie<\/option><option value='AT' >Autriche<\/option><option value='AZ' >Azerbaijan<\/option><option value='BS' >Bahamas<\/option><option value='BH' >Bahrain<\/option><option value='BD' >Bangladesh<\/option><option value='BB' >Barbades<\/option><option value='PW' >Belau<\/option><option value='BZ' >Belize<\/option><option value='BJ' >Benin<\/option><option value='BM' >Bermudes<\/option><option value='BT' >Bhutan<\/option><option value='BY' >Bi\u00e9lorussie<\/option><option value='BO' >Bolivie<\/option><option value='BA' >Bosnie-Herz\u00e9govine<\/option><option value='BW' >Botswana<\/option><option value='BN' >Brunei<\/option><option value='BR' >Br\u00e9sil<\/option><option value='BG' >Bulgarie<\/option><option value='BF' >Burkina Faso<\/option><option value='BI' >Burundi<\/option><option value='KH' >Cambodge<\/option><option value='CM' >Cameroun<\/option><option value='CA' >Canada<\/option><option value='CV' >Cap Vert<\/option><option value='CL' >Chili<\/option><option value='CN' >Chine<\/option><option value='CX' >Christmas Island<\/option><option value='CY' >Chypre<\/option><option value='CO' >Colombie<\/option><option value='KM' >Comores<\/option><option value='KP' >Cor\u00e9e du Nord<\/option><option value='KR' >Cor\u00e9e du Sud<\/option><option value='CR' >Costa Rica<\/option><option value='HR' >Croatie<\/option><option value='CU' >Cuba<\/option><option value='CW' >Cura\u00e7ao<\/option><option value='CI' >C\u00f4te-d\u2019Ivoire<\/option><option value='DK' >Danemark<\/option><option value='DJ' >Djibouti<\/option><option value='DM' >Dominique<\/option><option value='ER' >Erythr\u00e9e<\/option><option value='ES' >Espagne<\/option><option value='EE' >Estonie<\/option><option value='US' >Etats-Unis (USA)<\/option><option value='FJ' >Fidji<\/option><option value='FI' >Finlande<\/option><option value='GA' >Gabon<\/option><option value='GM' >Gambie<\/option><option value='GH' >Ghana<\/option><option value='GI' >Gibraltar<\/option><option value='GD' >Grenade<\/option><option value='GL' >Groenland<\/option><option value='GR' >Gr\u00e8ce<\/option><option value='GP' >Guadeloupe<\/option><option value='GU' >Guam<\/option><option value='GT' >Guatemala<\/option><option value='GG' >Guernesey<\/option><option value='GN' >Guin\u00e9e<\/option><option value='GQ' >Guin\u00e9e \u00e9quatoriale<\/option><option value='GW' >Guin\u00e9e-Bissau<\/option><option value='GY' >Guyane<\/option><option value='GF' >Guyane Fran\u00e7aise<\/option><option value='GE' >G\u00e9orgie<\/option><option value='GS' >G\u00e9orgie du Sud \/ \u00eeles Sandwich<\/option><option value='HT' >Ha\u00efti<\/option><option value='HN' >Honduras<\/option><option value='HK' >Hong Kong<\/option><option value='HU' >Hongrie<\/option><option value='IN' >Inde<\/option><option value='ID' >Indon\u00e9sie<\/option><option value='IR' >Iran<\/option><option value='IQ' >Iraq<\/option><option value='IE' >Irlande<\/option><option value='IS' >Islande<\/option><option value='IL' >Isra\u00ebl<\/option><option value='IT' >Italie<\/option><option value='JM' >Jama\u00efque<\/option><option value='JP' >Japon<\/option><option value='JE' >Jersey<\/option><option value='JO' >Jordanie<\/option><option value='KZ' >Kazakhstan<\/option><option value='KE' >Kenya<\/option><option value='KI' >Kiribati<\/option><option value='XK' >Kosovo<\/option><option value='KW' >Kowe\u00eft<\/option><option value='KG' >Kyrgyzstan<\/option><option value='RE' >La R\u00e9union<\/option><option value='LA' >Laos<\/option><option value='LS' >Lesotho<\/option><option value='LV' >Lettonie<\/option><option value='LB' >Liban<\/option><option value='LR' >Liberia<\/option><option value='LY' >Libye<\/option><option value='LI' >Liechtenstein<\/option><option value='LT' >Lituanie<\/option><option value='MO' >Macao S.A.R., Chine<\/option><option value='MK' >Mac\u00e9doine<\/option><option value='MG' >Madagascar<\/option><option value='MY' >Malaisie<\/option><option value='MW' >Malawi<\/option><option value='MV' >Maldives<\/option><option value='ML' >Mali<\/option><option value='MT' >Malte<\/option><option value='MA' >Maroc<\/option><option value='MQ' >Martinique<\/option><option value='MU' >Maurice<\/option><option value='MR' >Mauritanie<\/option><option value='YT' >Mayotte<\/option><option value='MX' >Mexique<\/option><option value='FM' >Micron\u00e9sie<\/option><option value='MD' >Moldavie<\/option><option value='MC' >Monaco<\/option><option value='MN' >Mongolie<\/option><option value='ME' >Montenegro<\/option><option value='MS' >Montserrat<\/option><option value='MZ' >Mozambique<\/option><option value='MM' >Myanmar<\/option><option value='NA' >Namibie<\/option><option value='NR' >Nauru<\/option><option value='NI' >Nicaragua<\/option><option value='NE' >Niger<\/option><option value='NG' >Nigeria<\/option><option value='NU' >Niue<\/option><option value='MP' >Northern Mariana Islands<\/option><option value='NO' >Norv\u00e8ge<\/option><option value='NC' >Nouvelle-Cal\u00e9donie<\/option><option value='NZ' >Nouvelle-Z\u00e9lande<\/option><option value='NP' >N\u00e9pal<\/option><option value='OM' >Oman<\/option><option value='PK' >Pakistan<\/option><option value='PA' >Panama<\/option><option value='PG' >Papouasie-Nouvelle-Guin\u00e9e<\/option><option value='PY' >Paraguay<\/option><option value='PH' >Philippines<\/option><option value='PN' >Pitcairn<\/option><option value='PL' >Pologne<\/option><option value='PF' >Polyn\u00e9sie Fran\u00e7aise<\/option><option value='PT' >Portugal<\/option><option value='PR' >Puerto Rico<\/option><option value='PE' >P\u00e9rou<\/option><option value='QA' >Qatar<\/option><option value='RO' >Roumanie<\/option><option value='GB' >Royaume-Uni (UK)<\/option><option value='RU' >Russie<\/option><option value='RW' >Rwanda<\/option><option value='CF' >R\u00e9publique Centrafricaine<\/option><option value='DO' >R\u00e9publique Dominicaine<\/option><option value='CZ' >R\u00e9publique Tch\u00e8que<\/option><option value='CG' >R\u00e9publique du Congo (Brazzaville)<\/option><option value='CD' >R\u00e9publique d\u00e9mocratique du Congo (Kinshasa)<\/option><option value='BQ' >Saba, Saint-Eustache et Bonaire<\/option><option value='EH' >Sahara occidental<\/option><option value='BL' >Saint Barth\u00e9lemy<\/option><option value='PM' >Saint Pierre et Miquelon<\/option><option value='KN' >Saint-Kitts-et-Nevis<\/option><option value='MF' >Saint-Martin (partie fran\u00e7aise)<\/option><option value='SX' >Saint-Martin (partie n\u00e9erlandaise)<\/option><option value='VC' >Saint-Vincent-et-les-Grenadines<\/option><option value='SH' >Sainte-H\u00e9l\u00e8ne<\/option><option value='LC' >Sainte-Lucie<\/option><option value='SV' >Salvador<\/option><option value='WS' >Samoa<\/option><option value='SM' >San Marino<\/option><option value='ST' >Sao Tom\u00e9-et-Principe<\/option><option value='RS' >Serbie<\/option><option value='SC' >Seychelles<\/option><option value='SL' >Sierra Leone<\/option><option value='SG' >Singapour<\/option><option value='SK' >Slovaquie<\/option><option value='SI' >Slov\u00e9nie<\/option><option value='SO' >Somalie<\/option><option value='SD' >Soudan<\/option><option value='SS' >Soudan du Sud<\/option><option value='LK' >Sri Lanka<\/option><option value='CH' >Suisse<\/option><option value='SR' >Suriname<\/option><option value='SE' >Su\u00e8de<\/option><option value='SJ' >Svalbard et Jan Mayen<\/option><option value='SZ' >Swaziland<\/option><option value='SY' >Syrie<\/option><option value='SN' >S\u00e9n\u00e9gal<\/option><option value='TW' >Taiwan<\/option><option value='TJ' >Tajikistan<\/option><option value='TZ' >Tanzanie<\/option><option value='TD' >Tchad<\/option><option value='TF' >Terres Australes Fran\u00e7aises<\/option><option value='PS' >Territoire Palestinien<\/option><option value='IO' >Territoire britannique de l&rsquo;oc\u00e9an Indien<\/option><option value='TH' >Thailande<\/option><option value='TL' >Timor-Leste<\/option><option value='TG' >Togo<\/option><option value='TK' >Tokelau<\/option><option value='TO' >Tonga<\/option><option value='TT' >Trinit\u00e9-et-Tobago<\/option><option value='TN' >Tunisie<\/option><option value='TM' >Turkm\u00e9nistan<\/option><option value='TR' >Turquie<\/option><option value='TV' >Tuvalu<\/option><option value='UG' >Uganda<\/option><option value='UA' >Ukraine<\/option><option value='UY' >Uruguay<\/option><option value='UZ' >Uzbekistan<\/option><option value='VU' >Vanuatu<\/option><option value='VA' >Vatican<\/option><option value='VE' >Venezuela<\/option><option value='VN' >Vietnam<\/option><option value='WF' >Wallis et Futuna<\/option><option value='YE' >Yemen<\/option><option value='ZM' >Zambie<\/option><option value='ZW' >Zimbabwe<\/option><option value='EG' >\u00c9gypte<\/option><option value='AE' >\u00c9mirats Arabes Unis<\/option><option value='EC' >\u00c9quateur<\/option><option value='ET' >\u00c9thiopie<\/option><option value='BV' >\u00cele Bouvet<\/option><option value='NF' >\u00cele Norfolk<\/option><option value='IM' >\u00cele de Man<\/option><option value='AX' >\u00celes Aland<\/option><option value='KY' >\u00celes Ca\u00efmans<\/option><option value='CC' >\u00celes Cocos<\/option><option value='CK' >\u00celes Cook<\/option><option value='FK' >\u00celes Falkland<\/option><option value='FO' >\u00celes F\u00e9ro\u00e9<\/option><option value='HM' >\u00celes Heard-et-MacDonald<\/option><option value='MH' >\u00celes Marshall<\/option><option value='UM' >\u00celes Mineures \u00e9loign\u00e9es des \u00c9tats-Unis<\/option><option value='SB' >\u00celes Salomon<\/option><option value='TC' >\u00celes Turques et Ca\u00efques<\/option><option value='VI' >\u00celes Vierges am\u00e9ricaines (US)<\/option><option value='VG' >\u00celes Vierges britanniques<\/option><\/optgroup><\/select><\/div><\/div><\/div><\/div><\/div><\/div><div class='ff-el-group'><div class=\"ff-el-input--label ff-el-is-required asterisk-right\"><label for='ff_3_description' aria-label=\"Commentaire\">Commentaire<\/label><\/div><div class='ff-el-input--content'><textarea aria-invalid=\"false\" aria-required=\"true\" name=\"description\" id=\"ff_3_description\" class=\"ff-el-form-control\" placeholder=\"Tapez votre message ici...\" rows=\"3\" cols=\"2\" data-name=\"description\" ><\/textarea><\/div><\/div><div class='ff-el-group    ff-el-input--content'><div class='ff-el-form-check ff-el-tc'><label aria-label='Terms and Conditions: \u00a0To submit this form, you must agree to the\u00a0privacy policy Contains 1 link. Use tab navigation to review.' class='ff-el-form-check-label ff_tc_label' for=\"terms-n-condition_1b876a23033c5c07206ab5d45cbc9ae6\"><span class='ff_tc_checkbox'><input type=\"checkbox\" name=\"terms-n-condition\" class=\"ff-el-form-check-input\" data-name=\"terms-n-condition\" id=\"terms-n-condition_1b876a23033c5c07206ab5d45cbc9ae6\"  value='on' aria-invalid='false' aria-required=\"true\"><\/span> <div class='ff_t_c'><p>\u00a0<label for=\"form-field-field_bf9fdae\">Pour soumettre ce formulaire, vous devez accepter la politique de confidentialit\u00e9.\u00a0<a href=\"https:\/\/hasfood.com\/en\/privacy-policy\/\">privacy policy<\/a><\/label><\/p><\/div><\/label><\/div><\/div><div class='ff-el-group ff-text-center ff_submit_btn_wrapper'><button type=\"submit\" class=\"ff-btn ff-btn-submit ff-btn-md ff_btn_style\" >Envoyer<\/button><\/div><\/fieldset><input type=\"hidden\" name=\"trp-form-language\" value=\"fr\"\/><\/form><div id='fluentform_3_errors' class='ff-errors-in-stack ff_form_instance_3_1 ff-form-loading_errors ff_form_instance_3_1_errors'><\/div><\/div>            <script type=\"text\/javascript\">\n                window.fluent_form_ff_form_instance_3_1 = {\"id\":\"3\",\"settings\":{\"layout\":{\"labelPlacement\":\"top\",\"asteriskPlacement\":\"asterisk-right\",\"helpMessagePlacement\":\"with_label\",\"errorMessagePlacement\":\"inline\",\"cssClassName\":\"\"},\"restrictions\":{\"denyEmptySubmission\":{\"enabled\":false}}},\"form_instance\":\"ff_form_instance_3_1\",\"form_id_selector\":\"fluentform_3\",\"rules\":{\"names[first_name]\":{\"required\":{\"value\":true,\"message\":\"Ce champ est obligatoire\",\"global_message\":\"This field is required\",\"global\":true}},\"names[middle_name]\":{\"required\":{\"value\":false,\"message\":\"Ce champ est obligatoire\",\"global_message\":\"This field is required\",\"global\":true}},\"names[last_name]\":{\"required\":{\"value\":true,\"message\":\"Ce champ est obligatoire\",\"global_message\":\"This field is required\",\"global\":true}},\"email\":{\"required\":{\"value\":true,\"message\":\"Ce champ est obligatoire\",\"global_message\":\"This field is required\",\"global\":true},\"email\":{\"value\":true,\"message\":\"Ce champ doit contenir un e-mail valide\",\"global_message\":\"This field must contain a valid email\",\"global\":true}},\"dropdown\":{\"required\":{\"value\":true,\"message\":\"Ce champ est obligatoire\",\"global_message\":\"This field is required\",\"global\":true}},\"phone\":{\"required\":{\"value\":true,\"global\":true,\"message\":\"Ce champ est obligatoire\",\"global_message\":\"This field is required\"},\"valid_phone_number\":{\"value\":true,\"global\":true,\"message\":\"Le num\\u00e9ro de t\\u00e9l\\u00e9phone est invalide\",\"global_message\":\"Phone number is not valid\"}},\"input_text\":{\"required\":{\"value\":true,\"message\":\"Ce champ est obligatoire\",\"global_message\":\"This field is required\",\"global\":true}},\"address_1[address_line_1]\":{\"required\":{\"value\":true,\"message\":\"Ce champ est obligatoire\",\"global_message\":\"This field is required\",\"global\":true}},\"address_1[address_line_2]\":{\"required\":{\"value\":false,\"message\":\"Ce champ est obligatoire\",\"global_message\":\"This field is required\",\"global\":true}},\"address_1[city]\":{\"required\":{\"value\":true,\"message\":\"Ce champ est obligatoire\",\"global_message\":\"This field is required\",\"global\":true}},\"address_1[state]\":{\"required\":{\"value\":false,\"message\":\"Ce champ est obligatoire\",\"global_message\":\"This field is required\",\"global\":true}},\"address_1[zip]\":{\"required\":{\"value\":false,\"message\":\"Ce champ est obligatoire\",\"global_message\":\"This field is required\",\"global\":true}},\"address_1[country]\":{\"required\":{\"value\":true,\"message\":\"Ce champ est obligatoire\",\"global_message\":\"This field is required\",\"global\":true}},\"description\":{\"required\":{\"value\":true,\"message\":\"Ce champ est obligatoire\",\"global_message\":\"This field is required\",\"global\":true}},\"g-recaptcha-response\":[],\"terms-n-condition\":{\"required\":{\"value\":true,\"message\":\"Ce champ est obligatoire\",\"global_message\":\"This field is required\",\"global\":true}}},\"debounce_time\":300};\n                            <\/script>\n                        <\/div>\n\n            \t\t\t\t<\/div>\n\t\t\t\t<\/div>\n\t\t\t\t<\/div>\n\t\t\t\t\t<\/div>\n\t\t\t\t<\/div>\n\t\t\t\t<\/div>","protected":false},"excerpt":{"rendered":"<p>Become our sales point now and boost your revenue! HAS FOOD, a leading company in the meat sector with over 15 years of experience in the production of d\u00f6ner kebab and chicken products. We are delighted to partner with supermarkets&#8230;<\/p>","protected":false},"author":1,"featured_media":0,"parent":0,"menu_order":0,"comment_status":"closed","ping_status":"closed","template":"","meta":{"_acf_changed":false,"footnotes":""},"class_list":["post-156","page","type-page","status-publish","hentry"],"acf":[],"_links":{"self":[{"href":"https:\/\/hasfood.com\/fr\/wp-json\/wp\/v2\/pages\/156","targetHints":{"allow":["GET"]}}],"collection":[{"href":"https:\/\/hasfood.com\/fr\/wp-json\/wp\/v2\/pages"}],"about":[{"href":"https:\/\/hasfood.com\/fr\/wp-json\/wp\/v2\/types\/page"}],"author":[{"embeddable":true,"href":"https:\/\/hasfood.com\/fr\/wp-json\/wp\/v2\/users\/1"}],"replies":[{"embeddable":true,"href":"https:\/\/hasfood.com\/fr\/wp-json\/wp\/v2\/comments?post=156"}],"version-history":[{"count":20,"href":"https:\/\/hasfood.com\/fr\/wp-json\/wp\/v2\/pages\/156\/revisions"}],"predecessor-version":[{"id":1777,"href":"https:\/\/hasfood.com\/fr\/wp-json\/wp\/v2\/pages\/156\/revisions\/1777"}],"wp:attachment":[{"href":"https:\/\/hasfood.com\/fr\/wp-json\/wp\/v2\/media?parent=156"}],"curies":[{"name":"wp","href":"https:\/\/api.w.org\/{rel}","templated":true}]}}