{"id":1365,"date":"2025-10-30T18:22:04","date_gmt":"2025-10-30T18:22:04","guid":{"rendered":"https:\/\/hasfood.com\/?page_id=1365"},"modified":"2025-10-30T18:26:39","modified_gmt":"2025-10-30T18:26:39","slug":"certificates","status":"publish","type":"page","link":"https:\/\/hasfood.com\/fr\/certificates\/","title":{"rendered":"Certificats"},"content":{"rendered":"<div data-elementor-type=\"wp-page\" data-elementor-id=\"1365\" class=\"elementor elementor-1365\" data-elementor-post-type=\"page\">\n\t\t\t\t<div class=\"elementor-element elementor-element-c6f39a8 section-header e-flex e-con-boxed e-con e-parent\" data-id=\"c6f39a8\" data-element_type=\"container\">\n\t\t\t\t\t<div class=\"e-con-inner\">\n\t\t<div class=\"elementor-element elementor-element-28ab92f e-con-full e-flex e-con e-child\" data-id=\"28ab92f\" data-element_type=\"container\">\n\t\t\t\t<\/div>\n\t\t\t\t\t<\/div>\n\t\t\t\t<\/div>\n\t\t<div class=\"elementor-element elementor-element-7d8df94 section-xs section-narrow e-flex e-con-boxed e-con e-parent\" data-id=\"7d8df94\" data-element_type=\"container\">\n\t\t\t\t\t<div class=\"e-con-inner\">\n\t\t<div class=\"elementor-element elementor-element-e648165 e-con-full e-flex e-con e-child\" data-id=\"e648165\" data-element_type=\"container\">\n\t\t\t\t<div class=\"elementor-element elementor-element-c95f900 elementor-widget elementor-widget-text-editor\" data-id=\"c95f900\" data-element_type=\"widget\" data-widget_type=\"text-editor.default\">\n\t\t\t\t\t\t\t\t\t<p>Certificats<\/p>\t\t\t\t\t\t\t\t<\/div>\n\t\t\t\t<div class=\"elementor-element elementor-element-7bb922d elementor-widget elementor-widget-text-editor\" data-id=\"7bb922d\" data-element_type=\"widget\" data-widget_type=\"text-editor.default\">\n\t\t\t\t\t\t\t\t\tD'une d\u00e9votion m\u00e9ticuleuse \u00e0 une s\u00e9curit\u00e9 alimentaire in\u00e9gal\u00e9e et \u00e0 une qualit\u00e9 impeccable, Has Food est fi\u00e8re d'annoncer que nous d\u00e9tenons \u00e0 la fois les certifications IFS et halal. Ces certifications prestigieuses symbolisent notre engagement in\u00e9branlable \u00e0 fournir les meilleurs produits \u00e0 nos clients appr\u00e9ci\u00e9s. Avec la certification IFS et halal \u00e0 nos c\u00f4t\u00e9s, nous allons au-del\u00e0 de la simple production alimentaire; nous nous assurons que chaque aspect de notre processus r\u00e9pond aux normes les plus \u00e9lev\u00e9es afin que vous puissiez savourer nos cr\u00e9ations savoureuses en toute tranquillit\u00e9 d'esprit. Chez Has Food, la qualit\u00e9 et la s\u00e9curit\u00e9 sont les piliers de notre succ\u00e8s, et nous continuons \u00e0 nous efforcer de vous offrir rien de moins que le meilleur.\t\t\t\t\t\t\t\t<\/div>\n\t\t<div class=\"elementor-element elementor-element-f198ffd e-con-full e-flex e-con e-child\" data-id=\"f198ffd\" data-element_type=\"container\">\n\t\t\t\t<div class=\"elementor-element elementor-element-ea700fa elementor-widget elementor-widget-image\" data-id=\"ea700fa\" data-element_type=\"widget\" data-widget_type=\"image.default\">\n\t\t\t\t\t\t\t\t\t\t\t\t\t\t\t<img fetchpriority=\"high\" decoding=\"async\" width=\"340\" height=\"273\" src=\"https:\/\/hasfood.com\/wp-content\/uploads\/2025\/10\/halal-quality-control.webp\" class=\"attachment-large size-large wp-image-1375\" alt=\"halal-quality-control\" srcset=\"https:\/\/hasfood.com\/wp-content\/uploads\/2025\/10\/halal-quality-control.webp 340w, https:\/\/hasfood.com\/wp-content\/uploads\/2025\/10\/halal-quality-control-300x241.webp 300w, https:\/\/hasfood.com\/wp-content\/uploads\/2025\/10\/halal-quality-control-15x12.webp 15w\" sizes=\"(max-width: 340px) 100vw, 340px\" \/>\t\t\t\t\t\t\t\t\t\t\t\t\t\t\t<\/div>\n\t\t\t\t<div class=\"elementor-element elementor-element-6efef1c elementor-widget elementor-widget-image\" data-id=\"6efef1c\" data-element_type=\"widget\" data-widget_type=\"image.default\">\n\t\t\t\t\t\t\t\t\t\t\t\t\t\t\t<img decoding=\"async\" width=\"640\" height=\"391\" src=\"https:\/\/hasfood.com\/wp-content\/uploads\/2025\/10\/ProgressLogos__Progress-Food-1-1024x626.webp\" class=\"attachment-large size-large wp-image-1377\" alt=\"ProgressLogos\" srcset=\"https:\/\/hasfood.com\/wp-content\/uploads\/2025\/10\/ProgressLogos__Progress-Food-1-1024x626.webp 1024w, https:\/\/hasfood.com\/wp-content\/uploads\/2025\/10\/ProgressLogos__Progress-Food-1-300x183.webp 300w, https:\/\/hasfood.com\/wp-content\/uploads\/2025\/10\/ProgressLogos__Progress-Food-1-768x469.webp 768w, https:\/\/hasfood.com\/wp-content\/uploads\/2025\/10\/ProgressLogos__Progress-Food-1-1536x938.webp 1536w, https:\/\/hasfood.com\/wp-content\/uploads\/2025\/10\/ProgressLogos__Progress-Food-1-2048x1251.webp 2048w, https:\/\/hasfood.com\/wp-content\/uploads\/2025\/10\/ProgressLogos__Progress-Food-1-18x12.webp 18w\" sizes=\"(max-width: 640px) 100vw, 640px\" \/>\t\t\t\t\t\t\t\t\t\t\t\t\t\t\t<\/div>\n\t\t\t\t<\/div>\n\t\t\t\t<\/div>\n\t\t\t\t\t<\/div>\n\t\t\t\t<\/div>\n\t\t\t\t<\/div>","protected":false},"excerpt":{"rendered":"<p>Certificates Meticulously dedicated to unparalleled food safety and impeccable quality, Has Food is proud to announce that we possess both IFS and halal certifications. These prestigious certifications symbolize our unwavering commitment to providing the very best products to our valued&#8230;<\/p>","protected":false},"author":1,"featured_media":0,"parent":0,"menu_order":0,"comment_status":"closed","ping_status":"closed","template":"","meta":{"_acf_changed":false,"footnotes":""},"class_list":["post-1365","page","type-page","status-publish","hentry"],"acf":[],"_links":{"self":[{"href":"https:\/\/hasfood.com\/fr\/wp-json\/wp\/v2\/pages\/1365","targetHints":{"allow":["GET"]}}],"collection":[{"href":"https:\/\/hasfood.com\/fr\/wp-json\/wp\/v2\/pages"}],"about":[{"href":"https:\/\/hasfood.com\/fr\/wp-json\/wp\/v2\/types\/page"}],"author":[{"embeddable":true,"href":"https:\/\/hasfood.com\/fr\/wp-json\/wp\/v2\/users\/1"}],"replies":[{"embeddable":true,"href":"https:\/\/hasfood.com\/fr\/wp-json\/wp\/v2\/comments?post=1365"}],"version-history":[{"count":14,"href":"https:\/\/hasfood.com\/fr\/wp-json\/wp\/v2\/pages\/1365\/revisions"}],"predecessor-version":[{"id":1383,"href":"https:\/\/hasfood.com\/fr\/wp-json\/wp\/v2\/pages\/1365\/revisions\/1383"}],"wp:attachment":[{"href":"https:\/\/hasfood.com\/fr\/wp-json\/wp\/v2\/media?parent=1365"}],"curies":[{"name":"wp","href":"https:\/\/api.w.org\/{rel}","templated":true}]}}