{"id":1356,"date":"2025-10-30T18:19:31","date_gmt":"2025-10-30T18:19:31","guid":{"rendered":"https:\/\/hasfood.com\/?page_id=1356"},"modified":"2025-10-30T18:21:06","modified_gmt":"2025-10-30T18:21:06","slug":"quality","status":"publish","type":"page","link":"https:\/\/hasfood.com\/fr\/quality\/","title":{"rendered":"Qualit\u00e9"},"content":{"rendered":"<div data-elementor-type=\"wp-page\" data-elementor-id=\"1356\" class=\"elementor elementor-1356\" data-elementor-post-type=\"page\">\n\t\t\t\t<div class=\"elementor-element elementor-element-c6f39a8 section-header e-flex e-con-boxed e-con e-parent\" data-id=\"c6f39a8\" data-element_type=\"container\">\n\t\t\t\t\t<div class=\"e-con-inner\">\n\t\t<div class=\"elementor-element elementor-element-28ab92f e-con-full e-flex e-con e-child\" data-id=\"28ab92f\" data-element_type=\"container\">\n\t\t\t\t<\/div>\n\t\t\t\t\t<\/div>\n\t\t\t\t<\/div>\n\t\t<div class=\"elementor-element elementor-element-7d8df94 section-xs section-narrow e-flex e-con-boxed e-con e-parent\" data-id=\"7d8df94\" data-element_type=\"container\">\n\t\t\t\t\t<div class=\"e-con-inner\">\n\t\t<div class=\"elementor-element elementor-element-e648165 e-con-full e-flex e-con e-child\" data-id=\"e648165\" data-element_type=\"container\">\n\t\t\t\t<div class=\"elementor-element elementor-element-c95f900 elementor-widget elementor-widget-text-editor\" data-id=\"c95f900\" data-element_type=\"widget\" data-widget_type=\"text-editor.default\">\n\t\t\t\t\t\t\t\t\tHAS FOOD - La cl\u00e9 d'une production de qualit\u00e9!\t\t\t\t\t\t\t\t<\/div>\n\t\t\t\t<div class=\"elementor-element elementor-element-7bb922d elementor-widget elementor-widget-text-editor\" data-id=\"7bb922d\" data-element_type=\"widget\" data-widget_type=\"text-editor.default\">\n\t\t\t\t\t\t\t\t\tHAS FOOD accorde une grande importance \u00e0 la qualit\u00e9, \u00e0 l'artisanat et \u00e0 la s\u00e9curit\u00e9 alimentaire. Nous sommes passionn\u00e9s par ce que nous faisons et nous nous effor\u00e7ons toujours de d\u00e9passer les attentes de nos clients.\t\t\t\t\t\t\t\t<\/div>\n\t\t\t\t<div class=\"elementor-element elementor-element-f915912 elementor-widget elementor-widget-text-editor\" data-id=\"f915912\" data-element_type=\"widget\" data-widget_type=\"text-editor.default\">\n\t\t\t\t\t\t\t\t\tNos machines sont soigneusement entretenues et r\u00e9guli\u00e8rement inspect\u00e9es pour garantir qu'elles r\u00e9pondent en permanence aux normes les plus \u00e9lev\u00e9es. Nous combinons l'artisanat avec la technologie moderne pour cr\u00e9er le parfait \u00e9quilibre entre tradition et innovation.\t\t\t\t\t\t\t\t<\/div>\n\t\t\t\t<div class=\"elementor-element elementor-element-886a801 elementor-widget elementor-widget-text-editor\" data-id=\"886a801\" data-element_type=\"widget\" data-widget_type=\"text-editor.default\">\n\t\t\t\t\t\t\t\t\tNous croyons que la production de produits carn\u00e9s premium n'est possible qu'avec la bonne expertise et le savoir-faire. Avec nos machines avanc\u00e9es, nous travaillons de mani\u00e8re plus efficace et pr\u00e9cise, tout en surveillant simultan\u00e9ment la qualit\u00e9 de notre viande en temps r\u00e9el. Gr\u00e2ce \u00e0 notre syst\u00e8me de suivi, nous pouvons suivre chaque \u00e9tape du processus de production et surveiller la qualit\u00e9 \u00e0 tout moment. Cela garantit uniquement des produits de haute et excellente qualit\u00e9.\t\t\t\t\t\t\t\t<\/div>\n\t\t\t\t<div class=\"elementor-element elementor-element-fd9dfd6 elementor-widget elementor-widget-text-editor\" data-id=\"fd9dfd6\" data-element_type=\"widget\" data-widget_type=\"text-editor.default\">\n\t\t\t\t\t\t\t\t\tD\u00e9couvrez comment nous pouvons vous aider \u00e0 offrir l'exp\u00e9rience gustative parfaite. \u00cates-vous un grossiste \u00e0 la recherche de kebabs, de poulets et de produits carn\u00e9s authentiques? N'h\u00e9sitez pas \u00e0 nous contacter.\t\t\t\t\t\t\t\t<\/div>\n\t\t\t\t<\/div>\n\t\t\t\t\t<\/div>\n\t\t\t\t<\/div>\n\t\t\t\t<\/div>","protected":false},"excerpt":{"rendered":"<p>HAS FOOD &#8211; The key to quality production!HAS FOOD places great importance on quality, craftsmanship, and food safety. We are passionate about what we do and always strive to exceed our customers&#8217; expectations.Our machines are carefully maintained and regularly inspected&#8230;<\/p>","protected":false},"author":1,"featured_media":0,"parent":0,"menu_order":0,"comment_status":"closed","ping_status":"closed","template":"","meta":{"_acf_changed":false,"footnotes":""},"class_list":["post-1356","page","type-page","status-publish","hentry"],"acf":[],"_links":{"self":[{"href":"https:\/\/hasfood.com\/fr\/wp-json\/wp\/v2\/pages\/1356","targetHints":{"allow":["GET"]}}],"collection":[{"href":"https:\/\/hasfood.com\/fr\/wp-json\/wp\/v2\/pages"}],"about":[{"href":"https:\/\/hasfood.com\/fr\/wp-json\/wp\/v2\/types\/page"}],"author":[{"embeddable":true,"href":"https:\/\/hasfood.com\/fr\/wp-json\/wp\/v2\/users\/1"}],"replies":[{"embeddable":true,"href":"https:\/\/hasfood.com\/fr\/wp-json\/wp\/v2\/comments?post=1356"}],"version-history":[{"count":8,"href":"https:\/\/hasfood.com\/fr\/wp-json\/wp\/v2\/pages\/1356\/revisions"}],"predecessor-version":[{"id":1364,"href":"https:\/\/hasfood.com\/fr\/wp-json\/wp\/v2\/pages\/1356\/revisions\/1364"}],"wp:attachment":[{"href":"https:\/\/hasfood.com\/fr\/wp-json\/wp\/v2\/media?parent=1356"}],"curies":[{"name":"wp","href":"https:\/\/api.w.org\/{rel}","templated":true}]}}