{"id":1347,"date":"2025-10-30T18:16:04","date_gmt":"2025-10-30T18:16:04","guid":{"rendered":"https:\/\/hasfood.com\/?page_id=1347"},"modified":"2025-10-30T18:18:22","modified_gmt":"2025-10-30T18:18:22","slug":"production","status":"publish","type":"page","link":"https:\/\/hasfood.com\/fr\/production\/","title":{"rendered":"Production"},"content":{"rendered":"<div data-elementor-type=\"wp-page\" data-elementor-id=\"1347\" class=\"elementor elementor-1347\" data-elementor-post-type=\"page\">\n\t\t\t\t<div class=\"elementor-element elementor-element-c6f39a8 section-header e-flex e-con-boxed e-con e-parent\" data-id=\"c6f39a8\" data-element_type=\"container\">\n\t\t\t\t\t<div class=\"e-con-inner\">\n\t\t<div class=\"elementor-element elementor-element-28ab92f e-con-full e-flex e-con e-child\" data-id=\"28ab92f\" data-element_type=\"container\">\n\t\t\t\t<\/div>\n\t\t\t\t\t<\/div>\n\t\t\t\t<\/div>\n\t\t<div class=\"elementor-element elementor-element-7d8df94 section-xs section-narrow e-flex e-con-boxed e-con e-parent\" data-id=\"7d8df94\" data-element_type=\"container\">\n\t\t\t\t\t<div class=\"e-con-inner\">\n\t\t<div class=\"elementor-element elementor-element-e648165 e-con-full e-flex e-con e-child\" data-id=\"e648165\" data-element_type=\"container\">\n\t\t\t\t<div class=\"elementor-element elementor-element-c95f900 elementor-widget elementor-widget-text-editor\" data-id=\"c95f900\" data-element_type=\"widget\" data-widget_type=\"text-editor.default\">\n\t\t\t\t\t\t\t\t\tAvec plus de 15 ans d'exp\u00e9rience dans l'industrie, nous sommes connus comme le producteur ultime des kebabs, poulets et produits carn\u00e9s les plus d\u00e9licieux.\t\t\t\t\t\t\t\t<\/div>\n\t\t\t\t<div class=\"elementor-element elementor-element-7bb922d elementor-widget elementor-widget-text-editor\" data-id=\"7bb922d\" data-element_type=\"widget\" data-widget_type=\"text-editor.default\">\n\t\t\t\t\t\t\t\t\tEn tant que pionniers dans l'industrie, nous avons r\u00e9cemment effectu\u00e9 d'importants investissements pour \u00e9tendre notre capacit\u00e9 de production. Notre capacit\u00e9 a \u00e9t\u00e9 renforc\u00e9e gr\u00e2ce \u00e0 de nouvelles machines et technologies avanc\u00e9es. La qualit\u00e9 et l'authenticit\u00e9 de nos produits ont n\u00e9anmoins \u00e9t\u00e9 maintenues.\t\t\t\t\t\t\t\t<\/div>\n\t\t\t\t<div class=\"elementor-element elementor-element-886a801 elementor-widget elementor-widget-text-editor\" data-id=\"886a801\" data-element_type=\"widget\" data-widget_type=\"text-editor.default\">\n\t\t\t\t\t\t\t\t\tChez HAS FOOD, nous sommes enti\u00e8rement d\u00e9di\u00e9s \u00e0 la cr\u00e9ation de l'exp\u00e9rience gustative parfaite pour nos clients. Notre artisanat m\u00e9ticuleux, bas\u00e9 sur des recettes traditionnelles et des ingr\u00e9dients de haute qualit\u00e9, nous a valu une r\u00e9putation appr\u00e9ci\u00e9e. Nous sommes extr\u00eamement fiers de notre position dans le secteur des kebabs, du poulet et des produits carn\u00e9s.\t\t\t\t\t\t\t\t<\/div>\n\t\t\t\t<div class=\"elementor-element elementor-element-fd9dfd6 elementor-widget elementor-widget-text-editor\" data-id=\"fd9dfd6\" data-element_type=\"widget\" data-widget_type=\"text-editor.default\">\n\t\t\t\t\t\t\t\t\tDepuis 2023, nous avons lanc\u00e9 une nouvelle ligne de kebabs pr\u00e9-coup\u00e9s surgel\u00e9s et de produits carn\u00e9s sous nos nouvelles marques Mister Kebab et Mister Butcher. Cette gamme est sp\u00e9cialement d\u00e9velopp\u00e9e pour r\u00e9pondre aux besoins des d\u00e9taillants. Nous avons pris grand soin de cr\u00e9er des produits de premier ordre qui r\u00e9pondent aux normes de qualit\u00e9 les plus \u00e9lev\u00e9es et offrent une exp\u00e9rience gustative in\u00e9gal\u00e9e.\t\t\t\t\t\t\t\t<\/div>\n\t\t\t\t<div class=\"elementor-element elementor-element-7f145a2 elementor-widget elementor-widget-text-editor\" data-id=\"7f145a2\" data-element_type=\"widget\" data-widget_type=\"text-editor.default\">\n\t\t\t\t\t\t\t\t\tDepuis 2023, nous avons lanc\u00e9 une nouvelle ligne de kebabs pr\u00e9-coup\u00e9s surgel\u00e9s et de produits carn\u00e9s sous nos nouvelles marques Mister Kebab et Mister Butcher. Cette gamme est sp\u00e9cialement d\u00e9velopp\u00e9e pour r\u00e9pondre aux besoins des d\u00e9taillants. Nous avons pris grand soin de cr\u00e9er des produits de premier ordre qui r\u00e9pondent aux normes de qualit\u00e9 les plus \u00e9lev\u00e9es et offrent une exp\u00e9rience gustative in\u00e9gal\u00e9e.\t\t\t\t\t\t\t\t<\/div>\n\t\t\t\t<div class=\"elementor-element elementor-element-8ae9872 elementor-widget elementor-widget-text-editor\" data-id=\"8ae9872\" data-element_type=\"widget\" data-widget_type=\"text-editor.default\">\n\t\t\t\t\t\t\t\t\tNous avons h\u00e2te de vous servir!\t\t\t\t\t\t\t\t<\/div>\n\t\t\t\t<\/div>\n\t\t\t\t\t<\/div>\n\t\t\t\t<\/div>\n\t\t\t\t<\/div>","protected":false},"excerpt":{"rendered":"<p>With over 15 years of experience in the industry, we are known as the ultimate producer of the most delicious kebab, chicken, and meat products.As pioneers in the industry, we have recently made large-scale investments to expand our production capacity&#8230;.<\/p>","protected":false},"author":1,"featured_media":0,"parent":0,"menu_order":0,"comment_status":"closed","ping_status":"closed","template":"","meta":{"_acf_changed":false,"footnotes":""},"class_list":["post-1347","page","type-page","status-publish","hentry"],"acf":[],"_links":{"self":[{"href":"https:\/\/hasfood.com\/fr\/wp-json\/wp\/v2\/pages\/1347","targetHints":{"allow":["GET"]}}],"collection":[{"href":"https:\/\/hasfood.com\/fr\/wp-json\/wp\/v2\/pages"}],"about":[{"href":"https:\/\/hasfood.com\/fr\/wp-json\/wp\/v2\/types\/page"}],"author":[{"embeddable":true,"href":"https:\/\/hasfood.com\/fr\/wp-json\/wp\/v2\/users\/1"}],"replies":[{"embeddable":true,"href":"https:\/\/hasfood.com\/fr\/wp-json\/wp\/v2\/comments?post=1347"}],"version-history":[{"count":8,"href":"https:\/\/hasfood.com\/fr\/wp-json\/wp\/v2\/pages\/1347\/revisions"}],"predecessor-version":[{"id":1355,"href":"https:\/\/hasfood.com\/fr\/wp-json\/wp\/v2\/pages\/1347\/revisions\/1355"}],"wp:attachment":[{"href":"https:\/\/hasfood.com\/fr\/wp-json\/wp\/v2\/media?parent=1347"}],"curies":[{"name":"wp","href":"https:\/\/api.w.org\/{rel}","templated":true}]}}