{"id":100,"date":"2025-10-17T21:17:54","date_gmt":"2025-10-17T21:17:54","guid":{"rendered":"https:\/\/hasfood.com\/?page_id=100"},"modified":"2025-11-07T14:05:14","modified_gmt":"2025-11-07T14:05:14","slug":"private-label","status":"publish","type":"page","link":"https:\/\/hasfood.com\/fr\/private-label\/","title":{"rendered":"Marque priv\u00e9e"},"content":{"rendered":"<div data-elementor-type=\"wp-page\" data-elementor-id=\"100\" class=\"elementor elementor-100\" data-elementor-post-type=\"page\">\n\t\t\t\t<div class=\"elementor-element elementor-element-69a8d5d section-header e-flex e-con-boxed e-con e-parent\" data-id=\"69a8d5d\" data-element_type=\"container\">\n\t\t\t\t\t<div class=\"e-con-inner\">\n\t\t<div class=\"elementor-element elementor-element-230fc03 e-con-full e-flex e-con e-child\" data-id=\"230fc03\" data-element_type=\"container\">\n\t\t\t\t<\/div>\n\t\t\t\t\t<\/div>\n\t\t\t\t<\/div>\n\t\t<div class=\"elementor-element elementor-element-7d8df94 section-xs section-narrow e-flex e-con-boxed e-con e-parent\" data-id=\"7d8df94\" data-element_type=\"container\">\n\t\t\t\t\t<div class=\"e-con-inner\">\n\t\t<div class=\"elementor-element elementor-element-e01e175 e-con-full e-flex e-con e-child\" data-id=\"e01e175\" data-element_type=\"container\">\n\t\t\t\t<div class=\"elementor-element elementor-element-080e7c8 elementor-widget elementor-widget-text-editor\" data-id=\"080e7c8\" data-element_type=\"widget\" data-widget_type=\"text-editor.default\">\n\t\t\t\t\t\t\t\t\t<p>D\u00e9couvrez nos possibilit\u00e9s de production en marque priv\u00e9e. Des kebabs et produits de viande premium sous votre propre marque !<\/p>\t\t\t\t\t\t\t\t<\/div>\n\t\t\t\t<div class=\"elementor-element elementor-element-7bb922d elementor-widget elementor-widget-text-editor\" data-id=\"7bb922d\" data-element_type=\"widget\" data-widget_type=\"text-editor.default\">\n\t\t\t\t\t\t\t\t\t<p>Gr\u00e2ce \u00e0 notre programme de marque priv\u00e9e sur mesure, nous d\u00e9veloppons et fabriquons des produits carn\u00e9s raffin\u00e9s, enti\u00e8rement adapt\u00e9s \u00e0 vos besoins et sp\u00e9cifications. Notre engagement envers la qualit\u00e9, le savoir-faire et la s\u00e9curit\u00e9 alimentaire constitue la base de toutes nos productions en marque priv\u00e9e.<\/p>\t\t\t\t\t\t\t\t<\/div>\n\t\t\t\t<div class=\"elementor-element elementor-element-ccc3e1e elementor-widget elementor-widget-text-editor\" data-id=\"ccc3e1e\" data-element_type=\"widget\" data-widget_type=\"text-editor.default\">\n\t\t\t\t\t\t\t\t\t<p>Chez HAS FOOD, nous proposons non seulement nos propres produits carn\u00e9s, mais nous sommes \u00e9galement sp\u00e9cialis\u00e9s dans la production en marque priv\u00e9e.<\/p>\t\t\t\t\t\t\t\t<\/div>\n\t\t\t\t<div class=\"elementor-element elementor-element-30b8f08 elementor-widget elementor-widget-text-editor\" data-id=\"30b8f08\" data-element_type=\"widget\" data-widget_type=\"text-editor.default\">\n\t\t\t\t\t\t\t\t\t<p>Gr\u00e2ce aux technologies modernes et \u00e0 une \u00e9quipe exp\u00e9riment\u00e9e de professionnels, nous produisons une large gamme de produits halal \u00e0 base de kebab et de poulet. Nos produits r\u00e9pondent \u00e0 toutes vos attentes et seront appr\u00e9ci\u00e9s par vos clients.<\/p>\t\t\t\t\t\t\t\t<\/div>\n\t\t\t\t<div class=\"elementor-element elementor-element-49d8fe7 elementor-widget elementor-widget-text-editor\" data-id=\"49d8fe7\" data-element_type=\"widget\" data-widget_type=\"text-editor.default\">\n\t\t\t\t\t\t\t\t\t<p>Vous recherchez un partenaire fiable capable de fournir des produits carn\u00e9s uniques sous votre propre marque ? HAS FOOD est votre choix id\u00e9al ! N\u2019h\u00e9sitez pas \u00e0 nous contacter pour discuter des possibilit\u00e9s de notre programme de marque priv\u00e9e. Nous sommes \u00e0 l\u2019\u00e9coute de vos besoins et souhaits et nous nous effor\u00e7ons de construire un partenariat durable et fructueux.<\/p>\t\t\t\t\t\t\t\t<\/div>\n\t\t\t\t<\/div>\n\t\t<div class=\"elementor-element elementor-element-e648165 e-con-full e-flex e-con e-child\" data-id=\"e648165\" data-element_type=\"container\">\n\t\t<div class=\"elementor-element elementor-element-38c7af8 e-con-full e-flex e-con e-child\" data-id=\"38c7af8\" data-element_type=\"container\">\n\t\t\t\t<div class=\"elementor-element elementor-element-8409efd elementor-widget elementor-widget-image\" data-id=\"8409efd\" data-element_type=\"widget\" data-widget_type=\"image.default\">\n\t\t\t\t\t\t\t\t\t\t\t\t\t\t\t<img decoding=\"async\" src=\"https:\/\/hasfood.com\/wp-content\/uploads\/2025\/10\/IQF-FROZEN.svg\" title=\"IQF FROZEN\" alt=\"IQF FROZEN\" loading=\"lazy\" \/>\t\t\t\t\t\t\t\t\t\t\t\t\t\t\t<\/div>\n\t\t<div class=\"elementor-element elementor-element-6a034ae e-con-full e-flex e-con e-child\" data-id=\"6a034ae\" data-element_type=\"container\">\n\t\t\t\t<div class=\"elementor-element elementor-element-dc0dd56 elementor-widget elementor-widget-heading\" data-id=\"dc0dd56\" data-element_type=\"widget\" data-widget_type=\"heading.default\">\n\t\t\t\t\t<h2 class=\"elementor-heading-title elementor-size-default\">IQF<\/h2>\t\t\t\t<\/div>\n\t\t\t\t<div class=\"elementor-element elementor-element-222a014 elementor-widget elementor-widget-heading\" data-id=\"222a014\" data-element_type=\"widget\" data-widget_type=\"heading.default\">\n\t\t\t\t\t<h3 class=\"elementor-heading-title elementor-size-default\">Technologie de Cong\u00e9lation Moderne<\/h3>\t\t\t\t<\/div>\n\t\t\t\t<\/div>\n\t\t\t\t<\/div>\n\t\t\t\t<div class=\"elementor-element elementor-element-d68414b elementor-widget elementor-widget-text-editor\" data-id=\"d68414b\" data-element_type=\"widget\" data-widget_type=\"text-editor.default\">\n\t\t\t\t\t\t\t\t\tLa technologie IQF (Individual Quick Freezing) repose sur la cong\u00e9lation de petites portions d\u2019aliments tout en pr\u00e9servant la structure naturelle et la jutosit\u00e9 du produit.\t\t\t\t\t\t\t\t<\/div>\n\t\t<div class=\"elementor-element elementor-element-27b5ba5 e-con-full e-flex e-con e-child\" data-id=\"27b5ba5\" data-element_type=\"container\" data-settings=\"{&quot;background_background&quot;:&quot;classic&quot;}\">\n\t\t\t\t<div class=\"elementor-element elementor-element-73b3661 elementor-widget elementor-widget-heading\" data-id=\"73b3661\" data-element_type=\"widget\" data-widget_type=\"heading.default\">\n\t\t\t\t\t<h3 class=\"elementor-heading-title elementor-size-default\">Avantages<\/h3>\t\t\t\t<\/div>\n\t\t\t\t<div class=\"elementor-element elementor-element-a11f79f elementor-widget elementor-widget-pix-feature-list\" data-id=\"a11f79f\" data-element_type=\"widget\" data-widget_type=\"pix-feature-list.default\">\n\t\t\t\t<div class=\"elementor-widget-container\">\n\t\t\t\t\t<div id=\"accordion-bd4f73c494d703a641d551c19e81d1e7\" class=\"w-100\" ><div class=\"py-2\"  ><div class=\"pix-feature-list text-18  font-weight-bold     py-2 d-flex align-items-center\" ><div class=\"d-inline-flex align-items-center pix-mr-10 text-white\" style=\"font-size:1.2em;position:relative;line-height:1em;text-align:center;\"><svg class=\"pixfort-icon\" width=\"24\" height=\"24\"  data-name=\"Line\/pixfort-icon-check-square-2\" viewbox=\"2 2 20 20\"><path fill=\"none\" stroke=\"var(--pf-icon-color)\" stroke-linecap=\"round\" stroke-linejoin=\"round\" stroke-width=\"var(--pf-icon-stroke-width)\" d=\"M21,11.7857143 L21,18 C21,19.6568542 19.6568542,21 18,21 L6,21 C4.34314575,21 3,19.6568542 3,18 L3,6 C3,4.34314575 4.34314575,3 6,3 L17,3 L17,3 M8,11 L11.5,14.5 L21,5\"\/><\/svg><\/div><span class=\"text-white\">Viande fra\u00eeche avec une saveur et un ar\u00f4me naturels.<\/span><\/div><div class=\"pix-feature-list text-18  font-weight-bold     py-2 d-flex align-items-center\" ><div class=\"d-inline-flex align-items-center pix-mr-10 text-white\" style=\"font-size:1.2em;position:relative;line-height:1em;text-align:center;\"><svg class=\"pixfort-icon\" width=\"24\" height=\"24\"  data-name=\"Line\/pixfort-icon-check-square-2\" viewbox=\"2 2 20 20\"><path fill=\"none\" stroke=\"var(--pf-icon-color)\" stroke-linecap=\"round\" stroke-linejoin=\"round\" stroke-width=\"var(--pf-icon-stroke-width)\" d=\"M21,11.7857143 L21,18 C21,19.6568542 19.6568542,21 18,21 L6,21 C4.34314575,21 3,19.6568542 3,18 L3,6 C3,4.34314575 4.34314575,3 6,3 L17,3 L17,3 M8,11 L11.5,14.5 L21,5\"\/><\/svg><\/div><span class=\"text-white\">Un produit personnalis\u00e9 avec une forme et un poids constants.<\/span><\/div><div class=\"pix-feature-list text-18  font-weight-bold     py-2 d-flex align-items-center\" ><div class=\"d-inline-flex align-items-center pix-mr-10 text-white\" style=\"font-size:1.2em;position:relative;line-height:1em;text-align:center;\"><svg class=\"pixfort-icon\" width=\"24\" height=\"24\"  data-name=\"Line\/pixfort-icon-check-square-2\" viewbox=\"2 2 20 20\"><path fill=\"none\" stroke=\"var(--pf-icon-color)\" stroke-linecap=\"round\" stroke-linejoin=\"round\" stroke-width=\"var(--pf-icon-stroke-width)\" d=\"M21,11.7857143 L21,18 C21,19.6568542 19.6568542,21 18,21 L6,21 C4.34314575,21 3,19.6568542 3,18 L3,6 C3,4.34314575 4.34314575,3 6,3 L17,3 L17,3 M8,11 L11.5,14.5 L21,5\"\/><\/svg><\/div><span class=\"text-white\">Facile \u00e0 utiliser<\/span><\/div><div class=\"pix-feature-list text-18  font-weight-bold     py-2 d-flex align-items-center\" ><div class=\"d-inline-flex align-items-center pix-mr-10 text-white\" style=\"font-size:1.2em;position:relative;line-height:1em;text-align:center;\"><svg class=\"pixfort-icon\" width=\"24\" height=\"24\"  data-name=\"Line\/pixfort-icon-check-square-2\" viewbox=\"2 2 20 20\"><path fill=\"none\" stroke=\"var(--pf-icon-color)\" stroke-linecap=\"round\" stroke-linejoin=\"round\" stroke-width=\"var(--pf-icon-stroke-width)\" d=\"M21,11.7857143 L21,18 C21,19.6568542 19.6568542,21 18,21 L6,21 C4.34314575,21 3,19.6568542 3,18 L3,6 C3,4.34314575 4.34314575,3 6,3 L17,3 L17,3 M8,11 L11.5,14.5 L21,5\"\/><\/svg><\/div><span class=\"text-white\">Pas besoin de d\u00e9congeler avant la cuisson.<\/span><\/div><div class=\"pix-feature-list text-18  font-weight-bold     py-2 d-flex align-items-center\" ><div class=\"d-inline-flex align-items-center pix-mr-10 text-white\" style=\"font-size:1.2em;position:relative;line-height:1em;text-align:center;\"><svg class=\"pixfort-icon\" width=\"24\" height=\"24\"  data-name=\"Line\/pixfort-icon-check-square-2\" viewbox=\"2 2 20 20\"><path fill=\"none\" stroke=\"var(--pf-icon-color)\" stroke-linecap=\"round\" stroke-linejoin=\"round\" stroke-width=\"var(--pf-icon-stroke-width)\" d=\"M21,11.7857143 L21,18 C21,19.6568542 19.6568542,21 18,21 L6,21 C4.34314575,21 3,19.6568542 3,18 L3,6 C3,4.34314575 4.34314575,3 6,3 L17,3 L17,3 M8,11 L11.5,14.5 L21,5\"\/><\/svg><\/div><span class=\"text-white\">La structure cellulaire de la viande est pr\u00e9serv\u00e9e et elle reste juteuse.<\/span><\/div><div class=\"pix-feature-list text-18  font-weight-bold     py-2 d-flex align-items-center\" ><div class=\"d-inline-flex align-items-center pix-mr-10 text-white\" style=\"font-size:1.2em;position:relative;line-height:1em;text-align:center;\"><svg class=\"pixfort-icon\" width=\"24\" height=\"24\"  data-name=\"Line\/pixfort-icon-check-square-2\" viewbox=\"2 2 20 20\"><path fill=\"none\" stroke=\"var(--pf-icon-color)\" stroke-linecap=\"round\" stroke-linejoin=\"round\" stroke-width=\"var(--pf-icon-stroke-width)\" d=\"M21,11.7857143 L21,18 C21,19.6568542 19.6568542,21 18,21 L6,21 C4.34314575,21 3,19.6568542 3,18 L3,6 C3,4.34314575 4.34314575,3 6,3 L17,3 L17,3 M8,11 L11.5,14.5 L21,5\"\/><\/svg><\/div><span class=\"text-white\">Le processus de surg\u00e9lation rapide emp\u00eache la croissance des bact\u00e9ries et garantit une viande s\u00fbre et de haute qualit\u00e9.<\/span><\/div><\/div><\/div>\t\t\t\t<\/div>\n\t\t\t\t<\/div>\n\t\t\t\t<\/div>\n\t\t\t\t<\/div>\n\t\t<div class=\"elementor-element elementor-element-91fb5ea e-con-full e-flex e-con e-child\" data-id=\"91fb5ea\" data-element_type=\"container\">\n\t\t<div class=\"elementor-element elementor-element-336e2d4 e-con-full e-flex e-con e-child\" data-id=\"336e2d4\" data-element_type=\"container\" data-settings=\"{&quot;background_background&quot;:&quot;classic&quot;}\">\n\t\t\t\t<div class=\"elementor-element elementor-element-0b07983 elementor-widget elementor-widget-heading\" data-id=\"0b07983\" data-element_type=\"widget\" data-widget_type=\"heading.default\">\n\t\t\t\t\t<h3 class=\"elementor-heading-title elementor-size-default\">Processus de production sous marque de distributeur<\/h3>\t\t\t\t<\/div>\n\t\t<div class=\"elementor-element elementor-element-e640831 e-con-full e-grid e-con e-child\" data-id=\"e640831\" data-element_type=\"container\" data-settings=\"{&quot;background_background&quot;:&quot;classic&quot;}\">\n\t\t\t\t<div class=\"elementor-element elementor-element-c8c3b4e elementor-position-left elementor-vertical-align-middle elementor-widget elementor-widget-image-box\" data-id=\"c8c3b4e\" data-element_type=\"widget\" data-widget_type=\"image-box.default\">\n\t\t\t\t\t<div class=\"elementor-image-box-wrapper\"><figure class=\"elementor-image-box-img\"><img fetchpriority=\"high\" decoding=\"async\" width=\"642\" height=\"642\" src=\"https:\/\/hasfood.com\/wp-content\/uploads\/2025\/11\/step-one.webp\" class=\"attachment-full size-full wp-image-1921\" alt=\"step-one\" srcset=\"https:\/\/hasfood.com\/wp-content\/uploads\/2025\/11\/step-one.webp 642w, https:\/\/hasfood.com\/wp-content\/uploads\/2025\/11\/step-one-300x300.webp 300w, https:\/\/hasfood.com\/wp-content\/uploads\/2025\/11\/step-one-150x150.webp 150w, https:\/\/hasfood.com\/wp-content\/uploads\/2025\/11\/step-one-12x12.webp 12w, https:\/\/hasfood.com\/wp-content\/uploads\/2025\/11\/step-one-75x75.webp 75w, https:\/\/hasfood.com\/wp-content\/uploads\/2025\/11\/step-one-460x460.webp 460w\" sizes=\"(max-width: 642px) 100vw, 642px\" \/><\/figure><div class=\"elementor-image-box-content\"><h3 class=\"elementor-image-box-title\">Entr\u00e9e<\/h3><p class=\"elementor-image-box-description\">\u00c9tape un<\/p><\/div><\/div>\t\t\t\t<\/div>\n\t\t\t\t<div class=\"elementor-element elementor-element-875fd25 elementor-position-left elementor-vertical-align-middle elementor-widget elementor-widget-image-box\" data-id=\"875fd25\" data-element_type=\"widget\" data-widget_type=\"image-box.default\">\n\t\t\t\t\t<div class=\"elementor-image-box-wrapper\"><figure class=\"elementor-image-box-img\"><img decoding=\"async\" width=\"650\" height=\"650\" src=\"https:\/\/hasfood.com\/wp-content\/uploads\/2025\/11\/step-two.webp\" class=\"attachment-full size-full wp-image-1922\" alt=\"step-two\" srcset=\"https:\/\/hasfood.com\/wp-content\/uploads\/2025\/11\/step-two.webp 650w, https:\/\/hasfood.com\/wp-content\/uploads\/2025\/11\/step-two-300x300.webp 300w, https:\/\/hasfood.com\/wp-content\/uploads\/2025\/11\/step-two-150x150.webp 150w, https:\/\/hasfood.com\/wp-content\/uploads\/2025\/11\/step-two-12x12.webp 12w, https:\/\/hasfood.com\/wp-content\/uploads\/2025\/11\/step-two-75x75.webp 75w, https:\/\/hasfood.com\/wp-content\/uploads\/2025\/11\/step-two-460x460.webp 460w\" sizes=\"(max-width: 650px) 100vw, 650px\" \/><\/figure><div class=\"elementor-image-box-content\"><h3 class=\"elementor-image-box-title\">D\u00e9veloppement du produit<\/h3><p class=\"elementor-image-box-description\">\u00c9tape deux<\/p><\/div><\/div>\t\t\t\t<\/div>\n\t\t\t\t<div class=\"elementor-element elementor-element-1478a88 elementor-position-left elementor-vertical-align-middle elementor-widget elementor-widget-image-box\" data-id=\"1478a88\" data-element_type=\"widget\" data-widget_type=\"image-box.default\">\n\t\t\t\t\t<div class=\"elementor-image-box-wrapper\"><figure class=\"elementor-image-box-img\"><img decoding=\"async\" width=\"642\" height=\"650\" src=\"https:\/\/hasfood.com\/wp-content\/uploads\/2025\/11\/step-three.webp\" class=\"attachment-full size-full wp-image-1923\" alt=\"step-three\" srcset=\"https:\/\/hasfood.com\/wp-content\/uploads\/2025\/11\/step-three.webp 642w, https:\/\/hasfood.com\/wp-content\/uploads\/2025\/11\/step-three-296x300.webp 296w, https:\/\/hasfood.com\/wp-content\/uploads\/2025\/11\/step-three-12x12.webp 12w, https:\/\/hasfood.com\/wp-content\/uploads\/2025\/11\/step-three-75x75.webp 75w\" sizes=\"(max-width: 642px) 100vw, 642px\" \/><\/figure><div class=\"elementor-image-box-content\"><h3 class=\"elementor-image-box-title\">Poids\/forme<\/h3><p class=\"elementor-image-box-description\">\u00c9tape trois<\/p><\/div><\/div>\t\t\t\t<\/div>\n\t\t\t\t<div class=\"elementor-element elementor-element-0cd284d elementor-position-left elementor-vertical-align-middle elementor-widget elementor-widget-image-box\" data-id=\"0cd284d\" data-element_type=\"widget\" data-widget_type=\"image-box.default\">\n\t\t\t\t\t<div class=\"elementor-image-box-wrapper\"><figure class=\"elementor-image-box-img\"><img loading=\"lazy\" decoding=\"async\" width=\"642\" height=\"649\" src=\"https:\/\/hasfood.com\/wp-content\/uploads\/2025\/11\/step-four.webp\" class=\"attachment-full size-full wp-image-1930\" alt=\"step-four\" srcset=\"https:\/\/hasfood.com\/wp-content\/uploads\/2025\/11\/step-four.webp 642w, https:\/\/hasfood.com\/wp-content\/uploads\/2025\/11\/step-four-297x300.webp 297w, https:\/\/hasfood.com\/wp-content\/uploads\/2025\/11\/step-four-12x12.webp 12w, https:\/\/hasfood.com\/wp-content\/uploads\/2025\/11\/step-four-75x75.webp 75w\" sizes=\"(max-width: 642px) 100vw, 642px\" \/><\/figure><div class=\"elementor-image-box-content\"><h3 class=\"elementor-image-box-title\">\u00c9tape de production<\/h3><p class=\"elementor-image-box-description\">\u00c9tape quatre<\/p><\/div><\/div>\t\t\t\t<\/div>\n\t\t\t\t<div class=\"elementor-element elementor-element-b09a4c3 elementor-position-left elementor-vertical-align-middle elementor-widget elementor-widget-image-box\" data-id=\"b09a4c3\" data-element_type=\"widget\" data-widget_type=\"image-box.default\">\n\t\t\t\t\t<div class=\"elementor-image-box-wrapper\"><figure class=\"elementor-image-box-img\"><img loading=\"lazy\" decoding=\"async\" width=\"650\" height=\"641\" src=\"https:\/\/hasfood.com\/wp-content\/uploads\/2025\/11\/step-five.webp\" class=\"attachment-full size-full wp-image-1931\" alt=\"step-five\" srcset=\"https:\/\/hasfood.com\/wp-content\/uploads\/2025\/11\/step-five.webp 650w, https:\/\/hasfood.com\/wp-content\/uploads\/2025\/11\/step-five-300x296.webp 300w, https:\/\/hasfood.com\/wp-content\/uploads\/2025\/11\/step-five-12x12.webp 12w, https:\/\/hasfood.com\/wp-content\/uploads\/2025\/11\/step-five-75x75.webp 75w\" sizes=\"(max-width: 650px) 100vw, 650px\" \/><\/figure><div class=\"elementor-image-box-content\"><h3 class=\"elementor-image-box-title\">Emballage<\/h3><p class=\"elementor-image-box-description\">\u00c9tape finale<\/p><\/div><\/div>\t\t\t\t<\/div>\n\t\t\t\t<\/div>\n\t\t\t\t<\/div>\n\t\t\t\t<\/div>\n\t\t<div class=\"elementor-element elementor-element-babd98e e-con-full e-flex e-con e-child\" data-id=\"babd98e\" data-element_type=\"container\" data-settings=\"{&quot;background_background&quot;:&quot;classic&quot;}\">\n\t\t\t\t<div class=\"elementor-element elementor-element-b669e20 elementor-widget elementor-widget-image\" data-id=\"b669e20\" data-element_type=\"widget\" data-widget_type=\"image.default\">\n\t\t\t\t\t\t\t\t\t\t\t\t\t\t\t<img loading=\"lazy\" decoding=\"async\" width=\"640\" height=\"480\" src=\"https:\/\/hasfood.com\/wp-content\/uploads\/2025\/11\/your-own-brand-here-1-1024x768.webp\" class=\"attachment-large size-large wp-image-2024\" alt=\"your-own-brand-here\" srcset=\"https:\/\/hasfood.com\/wp-content\/uploads\/2025\/11\/your-own-brand-here-1-1024x768.webp 1024w, https:\/\/hasfood.com\/wp-content\/uploads\/2025\/11\/your-own-brand-here-1-300x225.webp 300w, https:\/\/hasfood.com\/wp-content\/uploads\/2025\/11\/your-own-brand-here-1-768x576.webp 768w, https:\/\/hasfood.com\/wp-content\/uploads\/2025\/11\/your-own-brand-here-1-16x12.webp 16w, https:\/\/hasfood.com\/wp-content\/uploads\/2025\/11\/your-own-brand-here-1-600x450.webp 600w, https:\/\/hasfood.com\/wp-content\/uploads\/2025\/11\/your-own-brand-here-1.webp 1200w\" sizes=\"(max-width: 640px) 100vw, 640px\" \/>\t\t\t\t\t\t\t\t\t\t\t\t\t\t\t<\/div>\n\t\t\t\t<div class=\"elementor-element elementor-element-8615548 elementor-widget__width-initial elementor-widget-tablet__width-inherit elementor-widget-mobile__width-inherit elementor-widget elementor-widget-heading\" data-id=\"8615548\" data-element_type=\"widget\" data-widget_type=\"heading.default\">\n\t\t\t\t\t<h2 class=\"elementor-heading-title elementor-size-default\">Votre propre marque<\/h2>\t\t\t\t<\/div>\n\t\t\t\t<div class=\"elementor-element elementor-element-079fdc4 elementor-widget__width-initial elementor-widget-mobile__width-inherit elementor-widget elementor-widget-text-editor\" data-id=\"079fdc4\" data-element_type=\"widget\" data-widget_type=\"text-editor.default\">\n\t\t\t\t\t\t\t\t\t<p>Nous nous occupons de tout, du d\u00e9veloppement du produit \u00e0 l\u2019emballage, afin que vous puissiez vous concentrer sur la construction de votre marque. Commencez votre aventure en marque de distributeur d\u00e8s aujourd\u2019hui.<\/p>\t\t\t\t\t\t\t\t<\/div>\n\t\t<div class=\"elementor-element elementor-element-1369e5e e-con-full e-flex e-con e-child\" data-id=\"1369e5e\" data-element_type=\"container\">\n\t\t\t\t<div class=\"elementor-element elementor-element-c2f7261 elementor-view-stacked elementor-shape-circle elementor-position-top elementor-mobile-position-top elementor-widget elementor-widget-icon-box\" data-id=\"c2f7261\" data-element_type=\"widget\" data-widget_type=\"icon-box.default\">\n\t\t\t\t\t\t\t<div class=\"elementor-icon-box-wrapper\">\n\n\t\t\t\t\t\t<div class=\"elementor-icon-box-icon\">\n\t\t\t\t<a href=\"tel:+3214241990\" class=\"elementor-icon\" tabindex=\"-1\" aria-label=\"T\u00e9l\u00e9phone\">\n\t\t\t\t<svg aria-hidden=\"true\" class=\"e-font-icon-svg e-fas-phone-alt\" viewbox=\"0 0 512 512\" xmlns=\"http:\/\/www.w3.org\/2000\/svg\"><path d=\"M497.39 361.8l-112-48a24 24 0 0 0-28 6.9l-49.6 60.6A370.66 370.66 0 0 1 130.6 204.11l60.6-49.6a23.94 23.94 0 0 0 6.9-28l-48-112A24.16 24.16 0 0 0 122.6.61l-104 24A24 24 0 0 0 0 48c0 256.5 207.9 464 464 464a24 24 0 0 0 23.4-18.6l24-104a24.29 24.29 0 0 0-14.01-27.6z\"><\/path><\/svg>\t\t\t\t<\/a>\n\t\t\t<\/div>\n\t\t\t\n\t\t\t\t\t\t<div class=\"elementor-icon-box-content\">\n\n\t\t\t\t\t\t\t\t\t<h3 class=\"elementor-icon-box-title\">\n\t\t\t\t\t\t<a href=\"tel:+3214241990\" >\n\t\t\t\t\t\t\tT\u00e9l\u00e9phone\t\t\t\t\t\t<\/a>\n\t\t\t\t\t<\/h3>\n\t\t\t\t\n\t\t\t\t\t\t\t\t\t<p class=\"elementor-icon-box-description\">\n\t\t\t\t\t\t+3214241990\t\t\t\t\t<\/p>\n\t\t\t\t\n\t\t\t<\/div>\n\t\t\t\n\t\t<\/div>\n\t\t\t\t\t\t<\/div>\n\t\t\t\t<div class=\"elementor-element elementor-element-ee7e52a elementor-view-stacked elementor-shape-circle elementor-position-top elementor-mobile-position-top elementor-widget elementor-widget-icon-box\" data-id=\"ee7e52a\" data-element_type=\"widget\" data-widget_type=\"icon-box.default\">\n\t\t\t\t\t\t\t<div class=\"elementor-icon-box-wrapper\">\n\n\t\t\t\t\t\t<div class=\"elementor-icon-box-icon\">\n\t\t\t\t<a href=\"mailto:info@hasfood.com\" class=\"elementor-icon\" tabindex=\"-1\" aria-label=\"E-MAIL\">\n\t\t\t\t<svg aria-hidden=\"true\" class=\"e-font-icon-svg e-fas-envelope\" viewbox=\"0 0 512 512\" xmlns=\"http:\/\/www.w3.org\/2000\/svg\"><path d=\"M502.3 190.8c3.9-3.1 9.7-.2 9.7 4.7V400c0 26.5-21.5 48-48 48H48c-26.5 0-48-21.5-48-48V195.6c0-5 5.7-7.8 9.7-4.7 22.4 17.4 52.1 39.5 154.1 113.6 21.1 15.4 56.7 47.8 92.2 47.6 35.7.3 72-32.8 92.3-47.6 102-74.1 131.6-96.3 154-113.7zM256 320c23.2.4 56.6-29.2 73.4-41.4 132.7-96.3 142.8-104.7 173.4-128.7 5.8-4.5 9.2-11.5 9.2-18.9v-19c0-26.5-21.5-48-48-48H48C21.5 64 0 85.5 0 112v19c0 7.4 3.4 14.3 9.2 18.9 30.6 23.9 40.7 32.4 173.4 128.7 16.8 12.2 50.2 41.8 73.4 41.4z\"><\/path><\/svg>\t\t\t\t<\/a>\n\t\t\t<\/div>\n\t\t\t\n\t\t\t\t\t\t<div class=\"elementor-icon-box-content\">\n\n\t\t\t\t\t\t\t\t\t<h3 class=\"elementor-icon-box-title\">\n\t\t\t\t\t\t<a href=\"mailto:info@hasfood.com\" >\n\t\t\t\t\t\t\tE-MAIL\t\t\t\t\t\t<\/a>\n\t\t\t\t\t<\/h3>\n\t\t\t\t\n\t\t\t\t\t\t\t\t\t<p class=\"elementor-icon-box-description\">\n\t\t\t\t\t\tinfo@hasfood.com\t\t\t\t\t<\/p>\n\t\t\t\t\n\t\t\t<\/div>\n\t\t\t\n\t\t<\/div>\n\t\t\t\t\t\t<\/div>\n\t\t\t\t<\/div>\n\t\t\t\t<\/div>\n\t\t\t\t\t<\/div>\n\t\t\t\t<\/div>\n\t\t\t\t<\/div>","protected":false},"excerpt":{"rendered":"<p>Explore our Private Label production possibilities. Premium kebab and meat products under your own brand name! With our tailor-made Private Label program, we develop and manufacture exquisite meat products that are fully tailored to your needs and specifications. Our commitment&#8230;<\/p>","protected":false},"author":1,"featured_media":0,"parent":0,"menu_order":0,"comment_status":"closed","ping_status":"closed","template":"","meta":{"_acf_changed":false,"footnotes":""},"class_list":["post-100","page","type-page","status-publish","hentry"],"acf":[],"_links":{"self":[{"href":"https:\/\/hasfood.com\/fr\/wp-json\/wp\/v2\/pages\/100","targetHints":{"allow":["GET"]}}],"collection":[{"href":"https:\/\/hasfood.com\/fr\/wp-json\/wp\/v2\/pages"}],"about":[{"href":"https:\/\/hasfood.com\/fr\/wp-json\/wp\/v2\/types\/page"}],"author":[{"embeddable":true,"href":"https:\/\/hasfood.com\/fr\/wp-json\/wp\/v2\/users\/1"}],"replies":[{"embeddable":true,"href":"https:\/\/hasfood.com\/fr\/wp-json\/wp\/v2\/comments?post=100"}],"version-history":[{"count":139,"href":"https:\/\/hasfood.com\/fr\/wp-json\/wp\/v2\/pages\/100\/revisions"}],"predecessor-version":[{"id":2036,"href":"https:\/\/hasfood.com\/fr\/wp-json\/wp\/v2\/pages\/100\/revisions\/2036"}],"wp:attachment":[{"href":"https:\/\/hasfood.com\/fr\/wp-json\/wp\/v2\/media?parent=100"}],"curies":[{"name":"wp","href":"https:\/\/api.w.org\/{rel}","templated":true}]}}